{"id":17255,"date":"2019-08-13T03:53:23","date_gmt":"2019-08-13T01:53:23","guid":{"rendered":"http:\/\/sergetinland.com\/?page_id=17255"},"modified":"2025-09-02T23:25:14","modified_gmt":"2025-09-02T21:25:14","slug":"conferencier","status":"publish","type":"page","link":"https:\/\/sergetinland.com\/fr\/conferencier\/","title":{"rendered":"Conferencier"},"content":{"rendered":"<p>[vc_row css_animation=\u00a0\u00bb\u00a0\u00bb row_type=\u00a0\u00bbrow\u00a0\u00bb use_row_as_full_screen_section=\u00a0\u00bbno\u00a0\u00bb type=\u00a0\u00bbfull_width\u00a0\u00bb angled_section=\u00a0\u00bbno\u00a0\u00bb text_align=\u00a0\u00bbleft\u00a0\u00bb background_image_as_pattern=\u00a0\u00bbwithout_pattern\u00a0\u00bb][vc_column][vc_row_inner row_type=\u00a0\u00bbrow\u00a0\u00bb type=\u00a0\u00bbfull_width\u00a0\u00bb text_align=\u00a0\u00bbleft\u00a0\u00bb css_animation=\u00a0\u00bb\u00a0\u00bb background_color=\u00a0\u00bb#95ba00&Prime;][vc_column_inner width=\u00a0\u00bb2\/3&Prime;][vc_separator type=\u00a0\u00bbtransparent\u00a0\u00bb][vc_single_image image=\u00a0\u00bb16792&Prime; img_size=\u00a0\u00bbfull\u00a0\u00bb qode_css_animation=\u00a0\u00bb\u00a0\u00bb][vc_separator type=\u00a0\u00bbtransparent\u00a0\u00bb][vc_separator type=\u00a0\u00bbtransparent\u00a0\u00bb][\/vc_column_inner][vc_column_inner width=\u00a0\u00bb1\/3&Prime;][vc_separator type=\u00a0\u00bbtransparent\u00a0\u00bb][vc_separator type=\u00a0\u00bbtransparent\u00a0\u00bb][vc_separator type=\u00a0\u00bbtransparent\u00a0\u00bb][vc_column_text]<\/p>\n<p style=\"color: #ffffff;\">Sollicit\u00e9 depuis 2010 \u00e0 venir parler sur le sujet et dossier OVNI par des organismes comme les 3AF, le CEPPI, le Rotary Club, et autres structures publiques ou priv\u00e9es, je suis \u00e0 la disposition de tous pour venir faire une conf\u00e9rence dans l\u2019\u00e9change et le questionnement.<\/p>\n<p>[\/vc_column_text][vc_separator type=\u00a0\u00bbtransparent\u00a0\u00bb][vc_separator type=\u00a0\u00bbtransparent\u00a0\u00bb][vc_separator type=\u00a0\u00bbtransparent\u00a0\u00bb]<a  itemprop=\"url\" href=\"http:\/\/sergetinland.com\/contact\/\" target=\"_self\" data-hover-background-color=#f9f9f9 data-hover-border-color=#f9f9f9 data-hover-color=#000000 class=\"qbutton  medium center default\" style=\"color: #000000; border-color: #ffffff; background-color: #ffffff;\">CONTACTEZ-MOI POUR UNE CONFERENCE<\/a>[vc_separator type=\u00a0\u00bbtransparent\u00a0\u00bb][vc_separator type=\u00a0\u00bbtransparent\u00a0\u00bb][\/vc_column_inner][\/vc_row_inner][vc_separator type=\u00a0\u00bbtransparent\u00a0\u00bb]<span class=\"separator_with_icon\" style='color:#2b2b2b;'><i class=\"fa fa-calendar\"><\/i><\/span>[vc_column_text]<\/p>\n<h2 style=\"text-align: center;\">LES CONFERENCES A VENIR EN 2024<\/h2>\n<p>[\/vc_column_text][vc_separator type=\u00a0\u00bbtransparent\u00a0\u00bb][\/vc_column][\/vc_row][vc_row css_animation=\u00a0\u00bb\u00a0\u00bb row_type=\u00a0\u00bbrow\u00a0\u00bb use_row_as_full_screen_section=\u00a0\u00bbno\u00a0\u00bb type=\u00a0\u00bbfull_width\u00a0\u00bb angled_section=\u00a0\u00bbno\u00a0\u00bb text_align=\u00a0\u00bbleft\u00a0\u00bb background_image_as_pattern=\u00a0\u00bbwithout_pattern\u00a0\u00bb][vc_column width=\u00a0\u00bb1\/2&Prime;][vc_column_text]<\/p>\n<h3 style=\"text-align: center;\"><strong>Montauroux\u00a0<\/strong><\/h3>\n<p>&nbsp;<\/p>\n<p>&nbsp;<\/p>\n<h3 style=\"text-align: center;\">26 septembre 2025<\/h3>\n<h3><\/h3>\n<p>&nbsp;<\/p>\n<h3 style=\"text-align: center;\">Valensole 1965 \u2013 Projection \u00e0 Montauroux \u00e0 20 h.<br \/>\nDiscussion et \u00e9change apr\u00e8s la projection.<\/h3>\n<h4 style=\"text-align: center;\"><\/h4>\n<blockquote>\n<div>\n<blockquote>\n<div>\n<div class=\"x_x_ox-2e3203c65d-x_ox-cfff3f36ec-x_WordSection1\">\n<div>\n<p class=\"x_x_ox-2e3203c65d-x_ox-cfff3f36ec-x_MsoNormal\" align=\"center\">\n<\/div>\n<\/div>\n<\/div>\n<\/blockquote>\n<\/div>\n<\/blockquote>\n<p>[\/vc_column_text][\/vc_column][vc_column width=\u00a0\u00bb1\/2&Prime;][vc_column_text]<\/p>\n<h3 style=\"text-align: center;\"><a href=\"http:\/\/www.ceppi.fr\" target=\"_blank\" rel=\"noopener noreferrer\"><strong>LE CEPPI<\/strong><\/a><\/h3>\n<p>&nbsp;<\/p>\n<p style=\"text-align: center;\">Maison des Associations &#8211; 12ter Place Garibaldi &#8211; 06300 Nice<\/p>\n<p style=\"text-align: center;\">&#8230;&#8230;&#8230;&#8230;&#8230;&#8230;<\/p>\n<p style=\"text-align: center;\"><strong>Le 20 juin 2025 de 18h \u00e0 21h<\/strong><\/p>\n<p>&nbsp;<\/p>\n<p class=\"x_MsoNormal\" align=\"center\"><strong><span data-olk-copy-source=\"MessageBody\">Dossier Ovnis \u2013 Uaps : 2025 \u2013 \u00c9tat des lieux\u00a0<\/span><\/strong><\/p>\n<p class=\"x_MsoNormal\" align=\"center\"><strong>\u00ab\u00a0De l\u2019\u00e9v\u00e9nement historique du 13 novembre 2024 aux derni\u00e8res observations des ICDV au col de Vence\u00a0!\u00bb<\/strong><\/p>\n<blockquote>\n<div>\n<blockquote>\n<div>\n<div class=\"x_x_ox-2e3203c65d-x_ox-cfff3f36ec-x_WordSection1\">\n<div>\n<p class=\"x_x_ox-2e3203c65d-x_ox-cfff3f36ec-x_MsoNormal\" align=\"center\">\n<\/div>\n<\/div>\n<\/div>\n<\/blockquote>\n<\/div>\n<\/blockquote>\n<p>[\/vc_column_text][\/vc_column][\/vc_row][vc_row css_animation=\u00a0\u00bb\u00a0\u00bb row_type=\u00a0\u00bbrow\u00a0\u00bb use_row_as_full_screen_section=\u00a0\u00bbno\u00a0\u00bb type=\u00a0\u00bbfull_width\u00a0\u00bb angled_section=\u00a0\u00bbno\u00a0\u00bb text_align=\u00a0\u00bbleft\u00a0\u00bb background_image_as_pattern=\u00a0\u00bbwithout_pattern\u00a0\u00bb][vc_column][vc_separator type=\u00a0\u00bbtransparent\u00a0\u00bb][vc_separator type=\u00a0\u00bbtransparent\u00a0\u00bb][vc_separator type=\u00a0\u00bbtransparent\u00a0\u00bb][vc_separator type=\u00a0\u00bbtransparent\u00a0\u00bb][vc_separator type=\u00a0\u00bbtransparent\u00a0\u00bb][vc_separator type=\u00a0\u00bbtransparent\u00a0\u00bb][\/vc_column][\/vc_row][vc_row css_animation=\u00a0\u00bb\u00a0\u00bb row_type=\u00a0\u00bbrow\u00a0\u00bb use_row_as_full_screen_section=\u00a0\u00bbno\u00a0\u00bb type=\u00a0\u00bbfull_width\u00a0\u00bb angled_section=\u00a0\u00bbno\u00a0\u00bb text_align=\u00a0\u00bbleft\u00a0\u00bb background_image_as_pattern=\u00a0\u00bbwithout_pattern\u00a0\u00bb][vc_column][vc_column_text]<\/p>\n<p>[\/vc_column_text][\/vc_column][\/vc_row]<\/p>\n","protected":false},"excerpt":{"rendered":"<p>[vc_row css_animation=\u00a0\u00bb\u00a0\u00bb row_type=\u00a0\u00bbrow\u00a0\u00bb use_row_as_full_screen_section=\u00a0\u00bbno\u00a0\u00bb type=\u00a0\u00bbfull_width\u00a0\u00bb angled_section=\u00a0\u00bbno\u00a0\u00bb text_align=\u00a0\u00bbleft\u00a0\u00bb background_image_as_pattern=\u00a0\u00bbwithout_pattern\u00a0\u00bb][vc_column][vc_row_inner row_type=\u00a0\u00bbrow\u00a0\u00bb type=\u00a0\u00bbfull_width\u00a0\u00bb text_align=\u00a0\u00bbleft\u00a0\u00bb css_animation=\u00a0\u00bb\u00a0\u00bb background_color=\u00a0\u00bb#95ba00&Prime;][vc_column_inner width=\u00a0\u00bb2\/3&Prime;][vc_separator type=\u00a0\u00bbtransparent\u00a0\u00bb][vc_single_image image=\u00a0\u00bb16792&Prime; img_size=\u00a0\u00bbfull\u00a0\u00bb qode_css_animation=\u00a0\u00bb\u00a0\u00bb][vc_separator type=\u00a0\u00bbtransparent\u00a0\u00bb][vc_separator type=\u00a0\u00bbtransparent\u00a0\u00bb][\/vc_column_inner][vc_column_inner width=\u00a0\u00bb1\/3&Prime;][vc_separator type=\u00a0\u00bbtransparent\u00a0\u00bb][vc_separator type=\u00a0\u00bbtransparent\u00a0\u00bb][vc_separator type=\u00a0\u00bbtransparent\u00a0\u00bb][vc_column_text] Sollicit\u00e9 depuis 2010 \u00e0 venir parler sur le sujet et dossier OVNI par des organismes comme les 3AF, le CEPPI, le&#8230;<\/p>\n","protected":false},"author":1,"featured_media":0,"parent":0,"menu_order":5,"comment_status":"closed","ping_status":"closed","template":"","meta":[],"_links":{"self":[{"href":"https:\/\/sergetinland.com\/fr\/wp-json\/wp\/v2\/pages\/17255"}],"collection":[{"href":"https:\/\/sergetinland.com\/fr\/wp-json\/wp\/v2\/pages"}],"about":[{"href":"https:\/\/sergetinland.com\/fr\/wp-json\/wp\/v2\/types\/page"}],"author":[{"embeddable":true,"href":"https:\/\/sergetinland.com\/fr\/wp-json\/wp\/v2\/users\/1"}],"replies":[{"embeddable":true,"href":"https:\/\/sergetinland.com\/fr\/wp-json\/wp\/v2\/comments?post=17255"}],"version-history":[{"count":41,"href":"https:\/\/sergetinland.com\/fr\/wp-json\/wp\/v2\/pages\/17255\/revisions"}],"predecessor-version":[{"id":17801,"href":"https:\/\/sergetinland.com\/fr\/wp-json\/wp\/v2\/pages\/17255\/revisions\/17801"}],"wp:attachment":[{"href":"https:\/\/sergetinland.com\/fr\/wp-json\/wp\/v2\/media?parent=17255"}],"curies":[{"name":"wp","href":"https:\/\/api.w.org\/{rel}","templated":true}]}}