{"id":17262,"date":"2019-08-13T03:58:41","date_gmt":"2019-08-13T01:58:41","guid":{"rendered":"http:\/\/sergetinland.com\/?page_id=17262"},"modified":"2024-08-07T14:11:25","modified_gmt":"2024-08-07T12:11:25","slug":"articles","status":"publish","type":"page","link":"https:\/\/sergetinland.com\/fr\/articles\/","title":{"rendered":"Articles"},"content":{"rendered":"<p>[vc_row css_animation=\u00a0\u00bb\u00a0\u00bb row_type=\u00a0\u00bbrow\u00a0\u00bb use_row_as_full_screen_section=\u00a0\u00bbno\u00a0\u00bb type=\u00a0\u00bbfull_width\u00a0\u00bb angled_section=\u00a0\u00bbno\u00a0\u00bb text_align=\u00a0\u00bbleft\u00a0\u00bb background_image_as_pattern=\u00a0\u00bbwithout_pattern\u00a0\u00bb][vc_column][vc_separator type=\u00a0\u00bbtransparent\u00a0\u00bb][vc_separator type=\u00a0\u00bbnormal\u00a0\u00bb color=\u00a0\u00bb#95ba00&Prime;][vc_separator type=\u00a0\u00bbtransparent\u00a0\u00bb][vc_row_inner row_type=\u00a0\u00bbrow\u00a0\u00bb type=\u00a0\u00bbfull_width\u00a0\u00bb text_align=\u00a0\u00bbleft\u00a0\u00bb css_animation=\u00a0\u00bb\u00a0\u00bb][vc_column_inner width=\u00a0\u00bb2\/3&Prime;][vc_column_text]<strong>Papier Serge Tinland\u00a0 \/ 29 Juillet 2024<\/strong><strong>\u00a0<\/strong>[\/vc_column_text][vc_separator type=\u00a0\u00bbtransparent\u00a0\u00bb][vc_column_text]<\/p>\n<h5><strong>Papier Serge Tinland : <span style=\"font-family: Calibri, sans-serif;\"><span style=\"font-size: medium;\">\u00c0 l&rsquo;attention de l&rsquo;ensemble des lanceurs d&rsquo;alerte au niveau international !<\/span><\/span><\/strong><\/h5>\n<p>[\/vc_column_text][\/vc_column_inner][vc_column_inner width=\u00a0\u00bb1\/3&Prime;]<a  itemprop=\"url\" href=\"https:\/\/sergetinland.com\/wp-content\/uploads\/2024\/08\/A-destination-des-lanceurs-dalerte-.pdf\" target=\"_blank\"  class=\"qbutton  default\" style=\"\">LIRE L\u2019ARTICLE<\/a>[\/vc_column_inner][\/vc_row_inner][vc_separator type=\u00a0\u00bbtransparent\u00a0\u00bb][vc_separator type=\u00a0\u00bbnormal\u00a0\u00bb color=\u00a0\u00bb#95ba00&Prime;][vc_separator type=\u00a0\u00bbtransparent\u00a0\u00bb][vc_row_inner row_type=\u00a0\u00bbrow\u00a0\u00bb type=\u00a0\u00bbfull_width\u00a0\u00bb text_align=\u00a0\u00bbleft\u00a0\u00bb css_animation=\u00a0\u00bb\u00a0\u00bb][vc_column_inner width=\u00a0\u00bb2\/3&Prime;][vc_column_text]<strong>Article Serge Tinland \/ octobre 2021<\/strong><strong>\u00a0<\/strong>[\/vc_column_text][vc_separator type=\u00a0\u00bbtransparent\u00a0\u00bb][vc_column_text]<\/p>\n<h3><strong>Papier Serge Tinland sur ResearchGate : UAPS &#8211; ETCs : pistes de recherches exp\u00e9rimentales<\/strong><\/h3>\n<p>[\/vc_column_text][\/vc_column_inner][vc_column_inner width=\u00a0\u00bb1\/3&Prime;]<a  itemprop=\"url\" href=\"https:\/\/www.researchgate.net\/publication\/357435279_UAPs-ECTs-Propositions-de-pistes-de-recherche\" target=\"_blank\"  class=\"qbutton  default\" style=\"\">LIRE L\u2019ARTICLE<\/a>[\/vc_column_inner][\/vc_row_inner][vc_separator type=\u00a0\u00bbtransparent\u00a0\u00bb][vc_separator type=\u00a0\u00bbnormal\u00a0\u00bb color=\u00a0\u00bb#95ba00&Prime;][vc_separator type=\u00a0\u00bbtransparent\u00a0\u00bb][vc_row_inner row_type=\u00a0\u00bbrow\u00a0\u00bb type=\u00a0\u00bbfull_width\u00a0\u00bb text_align=\u00a0\u00bbleft\u00a0\u00bb css_animation=\u00a0\u00bb\u00a0\u00bb][vc_column_inner width=\u00a0\u00bb2\/3&Prime;][vc_column_text]<strong>Article Nice-Matin \/ Juillet 2021<\/strong><strong>\u00a0<\/strong>[\/vc_column_text][vc_separator type=\u00a0\u00bbtransparent\u00a0\u00bb][vc_column_text]<\/p>\n<h3><strong>Interview Serge Tinland : dossier Ovni et la pr\u00e9sidentielle 2022 !<\/strong><\/h3>\n<p>[\/vc_column_text][\/vc_column_inner][vc_column_inner width=\u00a0\u00bb1\/3&Prime;]<a  itemprop=\"url\" href=\"http:\/\/sergetinland.com\/wp-content\/uploads\/2021\/07\/Interview-Serge-Tinland-Nice-Matin-Juillet-2021.pdf\" target=\"_blank\"  class=\"qbutton  default\" style=\"\">LIRE L\u2019ARTICLE<\/a>[\/vc_column_inner][\/vc_row_inner][vc_separator type=\u00a0\u00bbtransparent\u00a0\u00bb][vc_separator type=\u00a0\u00bbnormal\u00a0\u00bb color=\u00a0\u00bb#95ba00&Prime;][vc_separator type=\u00a0\u00bbtransparent\u00a0\u00bb][vc_row_inner row_type=\u00a0\u00bbrow\u00a0\u00bb type=\u00a0\u00bbfull_width\u00a0\u00bb text_align=\u00a0\u00bbleft\u00a0\u00bb css_animation=\u00a0\u00bb\u00a0\u00bb][vc_column_inner width=\u00a0\u00bb2\/3&Prime;][vc_column_text]<strong>Article de Nice-Matin \/ Mars 2015<\/strong><strong>\u00a0<\/strong>[\/vc_column_text][vc_separator type=\u00a0\u00bbtransparent\u00a0\u00bb][vc_column_text]<\/p>\n<h3><strong>CHASSEUR D\u2019OVNI\u2019s<\/strong><\/h3>\n<p>[\/vc_column_text][\/vc_column_inner][vc_column_inner width=\u00a0\u00bb1\/3&Prime;]<a  itemprop=\"url\" href=\"http:\/\/sergetinland.com\/wp-content\/uploads\/2019\/07\/Nice_Matin_mars-_2015.pdf\" target=\"_blank\"  class=\"qbutton  default\" style=\"\">LIRE L\u2019ARTICLE<\/a>[\/vc_column_inner][\/vc_row_inner][vc_separator type=\u00a0\u00bbtransparent\u00a0\u00bb][vc_separator type=\u00a0\u00bbnormal\u00a0\u00bb color=\u00a0\u00bb#95ba00&Prime;][vc_separator type=\u00a0\u00bbtransparent\u00a0\u00bb][vc_row_inner row_type=\u00a0\u00bbrow\u00a0\u00bb type=\u00a0\u00bbfull_width\u00a0\u00bb text_align=\u00a0\u00bbleft\u00a0\u00bb css_animation=\u00a0\u00bb\u00a0\u00bb][vc_column_inner width=\u00a0\u00bb2\/3&Prime;][vc_column_text]<strong>Article du Monde De l&rsquo;Inconnu sur le Phenix Project Avril \/ Mai 2013 <\/strong>[\/vc_column_text][vc_separator type=\u00a0\u00bbtransparent\u00a0\u00bb][vc_column_text]<\/p>\n<h3><strong>LE PHENIX PROJECT, UN AVENIR PROMETTEUR !<\/strong><\/h3>\n<p>[\/vc_column_text][\/vc_column_inner][vc_column_inner width=\u00a0\u00bb1\/3&Prime;]<a  itemprop=\"url\" href=\"http:\/\/sergetinland.com\/wp-content\/uploads\/2019\/07\/The-Phenix-Project-Article-du-Monde-de-l27Inconnu-Avril-Mai-2013.pdf\" target=\"_blank\"  class=\"qbutton  default\" style=\"\">LIRE L\u2019ARTICLE<\/a>[\/vc_column_inner][\/vc_row_inner][vc_separator type=\u00a0\u00bbtransparent\u00a0\u00bb][vc_separator type=\u00a0\u00bbnormal\u00a0\u00bb color=\u00a0\u00bb#95ba00&Prime;][vc_separator type=\u00a0\u00bbtransparent\u00a0\u00bb][vc_row_inner row_type=\u00a0\u00bbrow\u00a0\u00bb type=\u00a0\u00bbfull_width\u00a0\u00bb text_align=\u00a0\u00bbleft\u00a0\u00bb css_animation=\u00a0\u00bb\u00a0\u00bb][vc_column_inner width=\u00a0\u00bb2\/3&Prime;][vc_column_text]<strong>Lettre ouverte au Pr\u00e9sident Fran\u00e7ois Hollande par Serge Tinland, l&rsquo;initiateur du Projet Phenix \/ Juin 2012<\/strong>[\/vc_column_text][vc_separator type=\u00a0\u00bbtransparent\u00a0\u00bb][vc_column_text]<\/p>\n<h3><strong>DES NOUVELLES SOURCES D\u2019ENERGIE POUR DEMAIN<\/strong><\/h3>\n<p>[\/vc_column_text][\/vc_column_inner][vc_column_inner width=\u00a0\u00bb1\/3&Prime;]<a  itemprop=\"url\" href=\"http:\/\/sergetinland.com\/wp-content\/uploads\/2019\/07\/Lettre_ouverte_au_President_Hollande_22_juin_2012.pdf\" target=\"_blank\"  class=\"qbutton  default\" style=\"\">LIRE L\u2019ARTICLE<\/a>[\/vc_column_inner][\/vc_row_inner][vc_separator type=\u00a0\u00bbtransparent\u00a0\u00bb][vc_separator type=\u00a0\u00bbnormal\u00a0\u00bb color=\u00a0\u00bb#95ba00&Prime;][vc_separator type=\u00a0\u00bbtransparent\u00a0\u00bb][vc_row_inner row_type=\u00a0\u00bbrow\u00a0\u00bb type=\u00a0\u00bbfull_width\u00a0\u00bb text_align=\u00a0\u00bbleft\u00a0\u00bb css_animation=\u00a0\u00bb\u00a0\u00bb][vc_column_inner width=\u00a0\u00bb2\/3&Prime;][vc_column_text]<\/p>\n<h3><strong>PROJET PHENIX : \u00c0 LA RECHERCHE DE NOUVELLES FORMES ET SOURCES D&rsquo;\u00c9NERGIE \/ JUIN 2012<\/strong><\/h3>\n<p>[\/vc_column_text][\/vc_column_inner][vc_column_inner width=\u00a0\u00bb1\/3&Prime;]<a  itemprop=\"url\" href=\"http:\/\/sergetinland.com\/wp-content\/uploads\/2019\/07\/A_la_recherche_de_nouvelles_formes_et_sources_energie_22_juin_2012.pdf\" target=\"_blank\"  class=\"qbutton  default\" style=\"\">LIRE L\u2019ARTICLE<\/a>[\/vc_column_inner][\/vc_row_inner][vc_separator type=\u00a0\u00bbtransparent\u00a0\u00bb][vc_separator type=\u00a0\u00bbnormal\u00a0\u00bb color=\u00a0\u00bb#95ba00&Prime;][vc_separator type=\u00a0\u00bbtransparent\u00a0\u00bb][vc_row_inner row_type=\u00a0\u00bbrow\u00a0\u00bb type=\u00a0\u00bbfull_width\u00a0\u00bb text_align=\u00a0\u00bbleft\u00a0\u00bb css_animation=\u00a0\u00bb\u00a0\u00bb][vc_column_inner width=\u00a0\u00bb2\/3&Prime;][vc_column_text]<strong>Pr\u00e9sentation d\u2019un nouvel outil de communication Phenix Project \u00e0 destination des investisseurs, partenaires, m\u00e9c\u00e8nes et ou donateurs \/ Juillet 2011<\/strong>[\/vc_column_text][vc_separator type=\u00a0\u00bbtransparent\u00a0\u00bb][vc_column_text]<\/p>\n<h3><strong>SOMMES-NOUS SEULS DANS L&rsquo;UNIVERS ?<\/strong><\/h3>\n<p>[\/vc_column_text][\/vc_column_inner][vc_column_inner width=\u00a0\u00bb1\/3&Prime;]<a  itemprop=\"url\" href=\"http:\/\/sergetinland.com\/wp-content\/uploads\/2019\/08\/Triptyquefr.pdf\" target=\"_blank\"  class=\"qbutton  default\" style=\"\">LIRE L\u2019ARTICLE<\/a>[\/vc_column_inner][\/vc_row_inner][vc_separator type=\u00a0\u00bbtransparent\u00a0\u00bb][vc_separator type=\u00a0\u00bbnormal\u00a0\u00bb color=\u00a0\u00bb#95ba00&Prime;][vc_separator type=\u00a0\u00bbtransparent\u00a0\u00bb][vc_row_inner row_type=\u00a0\u00bbrow\u00a0\u00bb type=\u00a0\u00bbfull_width\u00a0\u00bb text_align=\u00a0\u00bbleft\u00a0\u00bb css_animation=\u00a0\u00bb\u00a0\u00bb][vc_column_inner width=\u00a0\u00bb2\/3&Prime;][vc_column_text]<strong>Conf\u00e9rence de Serge Tinland, l&rsquo;initiateur du Projet Phenix, avec les 3AF \/ Juin 2010<\/strong><br \/>\n<a href=\"http:\/\/aaafctedazur.blogspot.fr\/2010\/05\/pan-ufo-et-autres-ovni.html\" target=\"_blank\" rel=\"noopener noreferrer\">http:\/\/aaafctedazur.blogspot.fr\/2010\/05\/pan-ufo-et-autres-ovni.html<\/a>[\/vc_column_text][vc_separator type=\u00a0\u00bbtransparent\u00a0\u00bb][vc_column_text]<\/p>\n<h3><strong>CONFERENCE 3AF THE PHENIX PROJECT<\/strong><\/h3>\n<p>[\/vc_column_text][\/vc_column_inner][vc_column_inner width=\u00a0\u00bb1\/3&Prime;]<a  itemprop=\"url\" href=\"http:\/\/sergetinland.com\/wp-content\/uploads\/2019\/07\/Conference_3AF_Juin_2010.pdf\" target=\"_blank\"  class=\"qbutton  default\" style=\"\">LIRE L\u2019ARTICLE<\/a>[\/vc_column_inner][\/vc_row_inner][vc_separator type=\u00a0\u00bbtransparent\u00a0\u00bb][vc_separator type=\u00a0\u00bbnormal\u00a0\u00bb color=\u00a0\u00bb#95ba00&Prime;][vc_separator type=\u00a0\u00bbtransparent\u00a0\u00bb][vc_row_inner row_type=\u00a0\u00bbrow\u00a0\u00bb type=\u00a0\u00bbfull_width\u00a0\u00bb text_align=\u00a0\u00bbleft\u00a0\u00bb css_animation=\u00a0\u00bb\u00a0\u00bb][vc_column_inner width=\u00a0\u00bb2\/3&Prime;][vc_column_text]<strong>Interview de Serge Tinland, l&rsquo;initiateur du Projet Phenix, par Le Monde de l&rsquo;inconnu (MDL) \/ Octobre 2009<\/strong>[\/vc_column_text][vc_separator type=\u00a0\u00bbtransparent\u00a0\u00bb][vc_column_text]<\/p>\n<h3><strong>INTERVIEW MDL<\/strong><\/h3>\n<p>[\/vc_column_text][\/vc_column_inner][vc_column_inner width=\u00a0\u00bb1\/3&Prime;]<a  itemprop=\"url\" href=\"http:\/\/sergetinland.com\/wp-content\/uploads\/2019\/07\/InterviewMDLOctobre2009.pdf\" target=\"_blank\"  class=\"qbutton  default\" style=\"\">LIRE L\u2019ARTICLE<\/a>[\/vc_column_inner][\/vc_row_inner][vc_separator type=\u00a0\u00bbtransparent\u00a0\u00bb][vc_separator type=\u00a0\u00bbnormal\u00a0\u00bb color=\u00a0\u00bb#95ba00&Prime;][vc_separator type=\u00a0\u00bbtransparent\u00a0\u00bb][vc_row_inner row_type=\u00a0\u00bbrow\u00a0\u00bb type=\u00a0\u00bbfull_width\u00a0\u00bb text_align=\u00a0\u00bbleft\u00a0\u00bb css_animation=\u00a0\u00bb\u00a0\u00bb][vc_column_inner width=\u00a0\u00bb2\/3&Prime;][vc_column_text]<strong>Interview de Serge Tinland, l&rsquo;initiateur du Projet Phenix, par le site web UFOFU \/ Juillet 2009<\/strong><br \/>\n<a href=\"https:\/\/ufofu.tumblr.com\/tagged\/ufologie\" target=\"_blank\" rel=\"noopener noreferrer\">https:\/\/ufofu.tumblr.com\/tagged\/ufologie<\/a>[\/vc_column_text][vc_separator type=\u00a0\u00bbtransparent\u00a0\u00bb][vc_column_text]<\/p>\n<h3><strong>INTERVIEW UFOFU<br \/>\n<\/strong><\/h3>\n<p>[\/vc_column_text][\/vc_column_inner][vc_column_inner width=\u00a0\u00bb1\/3&Prime;]<a  itemprop=\"url\" href=\"http:\/\/sergetinland.com\/wp-content\/uploads\/2019\/07\/interview_ufofu_juillet_2009.pdf\" target=\"_blank\"  class=\"qbutton  default\" style=\"\">LIRE L\u2019ARTICLE<\/a>[\/vc_column_inner][\/vc_row_inner][vc_separator type=\u00a0\u00bbtransparent\u00a0\u00bb][vc_separator type=\u00a0\u00bbnormal\u00a0\u00bb color=\u00a0\u00bb#95ba00&Prime;][vc_separator type=\u00a0\u00bbtransparent\u00a0\u00bb][vc_row_inner row_type=\u00a0\u00bbrow\u00a0\u00bb type=\u00a0\u00bbfull_width\u00a0\u00bb text_align=\u00a0\u00bbleft\u00a0\u00bb css_animation=\u00a0\u00bb\u00a0\u00bb][vc_column_inner width=\u00a0\u00bb2\/3&Prime;][vc_column_text]<strong>Interview de Serge Tinland, l&rsquo;initiateur du Projet Phenix, par Nice Matin, journal fran\u00e7ais d\u2019information et d\u2019actualit\u00e9 locale et r\u00e9gionale \/ Juin 2007<\/strong><br \/>\n<a href=\"https:\/\/www.nicematin.com\" target=\"_blank\" rel=\"noopener noreferrer\">https:\/\/www.nicematin.com<\/a>[\/vc_column_text][vc_separator type=\u00a0\u00bbtransparent\u00a0\u00bb][vc_column_text]<\/p>\n<h3><strong>INTERVIEW NICE MATIN<\/strong><\/h3>\n<p>[\/vc_column_text][\/vc_column_inner][vc_column_inner width=\u00a0\u00bb1\/3&Prime;]<a  itemprop=\"url\" href=\"http:\/\/sergetinland.com\/wp-content\/uploads\/2019\/07\/NiceMatin_Interview_2007.pdf\" target=\"_blank\"  class=\"qbutton  default\" style=\"\">LIRE L\u2019ARTICLE<\/a>[\/vc_column_inner][\/vc_row_inner][vc_separator type=\u00a0\u00bbtransparent\u00a0\u00bb][vc_separator type=\u00a0\u00bbnormal\u00a0\u00bb color=\u00a0\u00bb#95ba00&Prime;][vc_separator type=\u00a0\u00bbtransparent\u00a0\u00bb][vc_row_inner row_type=\u00a0\u00bbrow\u00a0\u00bb type=\u00a0\u00bbfull_width\u00a0\u00bb text_align=\u00a0\u00bbleft\u00a0\u00bb css_animation=\u00a0\u00bb\u00a0\u00bb][vc_column_inner width=\u00a0\u00bb2\/3&Prime;][vc_column_text]<strong>Interview de Serge Tinland, l&rsquo;initiateur du Projet Phenix, par FLASHESPACE, magazine d\u2019information de l\u2019actualit\u00e9 spatiale en ligne \/ Mars 2007<\/strong><br \/>\n<a href=\"http:\/\/www.flashespace.com\" target=\"_blank\" rel=\"noopener noreferrer\">http:\/\/www.flashespace.com <\/a>[\/vc_column_text][vc_separator type=\u00a0\u00bbtransparent\u00a0\u00bb][vc_column_text]<\/p>\n<h3><strong>INTERVIEW FLASHESPACE<br \/>\n<\/strong><\/h3>\n<p>[\/vc_column_text][\/vc_column_inner][vc_column_inner width=\u00a0\u00bb1\/3&Prime;]<a  itemprop=\"url\" href=\"http:\/\/www.thephenixproject.com\/download\/Interview_Flashespace_Fr.pdf\" target=\"_blank\"  class=\"qbutton  default\" style=\"\">LIRE L\u2019ARTICLE<\/a>[\/vc_column_inner][\/vc_row_inner][vc_separator type=\u00a0\u00bbtransparent\u00a0\u00bb][vc_separator type=\u00a0\u00bbtransparent\u00a0\u00bb][vc_separator type=\u00a0\u00bbtransparent\u00a0\u00bb][vc_separator type=\u00a0\u00bbtransparent\u00a0\u00bb][vc_separator type=\u00a0\u00bbtransparent\u00a0\u00bb][vc_separator type=\u00a0\u00bbtransparent\u00a0\u00bb][\/vc_column][vc_column width=\u00a0\u00bb1\/3&Prime;][vc_row_inner row_type=\u00a0\u00bbrow\u00a0\u00bb type=\u00a0\u00bbfull_width\u00a0\u00bb text_align=\u00a0\u00bbleft\u00a0\u00bb css_animation=\u00a0\u00bb\u00a0\u00bb background_color=\u00a0\u00bb#95ba00&Prime;][vc_column_inner][vc_separator type=\u00a0\u00bbtransparent\u00a0\u00bb][vc_separator type=\u00a0\u00bbtransparent\u00a0\u00bb][vc_single_image image=\u00a0\u00bb16792&Prime; img_size=\u00a0\u00bbfull\u00a0\u00bb alignment=\u00a0\u00bbcenter\u00a0\u00bb style=\u00a0\u00bbvc_box_shadow\u00a0\u00bb qode_css_animation=\u00a0\u00bbelement_from_right\u00a0\u00bb][vc_separator type=\u00a0\u00bbtransparent\u00a0\u00bb][vc_separator type=\u00a0\u00bbtransparent\u00a0\u00bb][vc_column_text]<\/p>\n<p style=\"color: #ffffff;\">Sollicit\u00e9 depuis 2010 \u00e0 venir parler sur le sujet et dossier OVNI par des organismes comme les 3AF, le CEPPI, le Rotary Club, et autres structures publiques ou priv\u00e9es, je suis \u00e0 la disposition de tous pour venir faire une conf\u00e9rence dans l\u2019\u00e9change et le questionnement.<\/p>\n<p>[\/vc_column_text][vc_separator type=\u00a0\u00bbtransparent\u00a0\u00bb][vc_separator type=\u00a0\u00bbtransparent\u00a0\u00bb]<a  itemprop=\"url\" href=\"http:\/\/sergetinland.com\/fr\/contact\/\" target=\"_self\" data-hover-background-color=#f9f9f9 data-hover-border-color=#f9f9f9 data-hover-color=#000000 class=\"qbutton  medium center default\" style=\"color: #000000; border-color: #ffffff; background-color: #ffffff;\">CONTACTEZ-MOI POUR UNE CONFERENCE<\/a>[vc_separator type=\u00a0\u00bbtransparent\u00a0\u00bb][vc_separator type=\u00a0\u00bbtransparent\u00a0\u00bb]<span class=\"separator_with_icon\" style='color:#ffffff;'><i class=\"fa fa-calendar\"><\/i><\/span>[vc_separator type=\u00a0\u00bbtransparent\u00a0\u00bb][vc_separator type=\u00a0\u00bbtransparent\u00a0\u00bb][vc_separator type=\u00a0\u00bbtransparent\u00a0\u00bb][vc_column_text]<\/p>\n<h2 style=\"text-align: center;\"><span style=\"color: white;\">LES CONFERENCES A VENIR EN 2021<br \/>\n<\/span><\/h2>\n<p>[\/vc_column_text][vc_separator type=\u00a0\u00bbtransparent\u00a0\u00bb][vc_column_text]<\/p>\n<p style=\"color: #ffffff; text-align: center;\"><a href=\"http:\/\/www.ceppi.fr\" target=\"_blank\" rel=\"noopener noreferrer\"><strong>LE CEPPI<\/strong><\/a><br \/>\nMaison des Associations 12ter Place Garibaldi, 06300 Nice<\/p>\n<p style=\"text-align: center;\"><strong>Conf\u00e9rence samedi 05 novembre 2021 \u00e0 18h00<\/strong><\/p>\n<p style=\"text-align: center;\"><a href=\"http:\/\/www.ceppi.fr\/conference-le-5-novembre-2021\/\" target=\"_blank\" rel=\"noopener noreferrer\"><strong>UAP \/ ETCs 2004 \u2013 2021 Un changement de paradigme <\/strong><\/a><\/p>\n<p style=\"text-align: center;\"><a href=\"http:\/\/www.ceppi.fr\/conference-le-5-novembre-2021\/\"><strong>pour<\/strong><strong> la civilisation humaine !<\/strong><\/a><\/p>\n<p>[\/vc_column_text][vc_separator type=\u00a0\u00bbtransparent\u00a0\u00bb][vc_separator type=\u00a0\u00bbtransparent\u00a0\u00bb][vc_separator type=\u00a0\u00bbtransparent\u00a0\u00bb][vc_separator type=\u00a0\u00bbtransparent\u00a0\u00bb][vc_separator type=\u00a0\u00bbtransparent\u00a0\u00bb][\/vc_column_inner][\/vc_row_inner][\/vc_column][\/vc_row]<\/p>\n","protected":false},"excerpt":{"rendered":"<p>[vc_row css_animation=\u00a0\u00bb\u00a0\u00bb row_type=\u00a0\u00bbrow\u00a0\u00bb use_row_as_full_screen_section=\u00a0\u00bbno\u00a0\u00bb type=\u00a0\u00bbfull_width\u00a0\u00bb angled_section=\u00a0\u00bbno\u00a0\u00bb text_align=\u00a0\u00bbleft\u00a0\u00bb background_image_as_pattern=\u00a0\u00bbwithout_pattern\u00a0\u00bb][vc_column][vc_separator type=\u00a0\u00bbtransparent\u00a0\u00bb][vc_separator type=\u00a0\u00bbnormal\u00a0\u00bb color=\u00a0\u00bb#95ba00&Prime;][vc_separator type=\u00a0\u00bbtransparent\u00a0\u00bb][vc_row_inner row_type=\u00a0\u00bbrow\u00a0\u00bb type=\u00a0\u00bbfull_width\u00a0\u00bb text_align=\u00a0\u00bbleft\u00a0\u00bb css_animation=\u00a0\u00bb\u00a0\u00bb][vc_column_inner width=\u00a0\u00bb2\/3&Prime;][vc_column_text]Papier Serge Tinland\u00a0 \/ 29 Juillet 2024\u00a0[\/vc_column_text][vc_separator type=\u00a0\u00bbtransparent\u00a0\u00bb][vc_column_text] Papier Serge Tinland : \u00c0 l&rsquo;attention de l&rsquo;ensemble des lanceurs d&rsquo;alerte au niveau international ! [\/vc_column_text][\/vc_column_inner][vc_column_inner width=\u00a0\u00bb1\/3&Prime;][\/vc_column_inner][\/vc_row_inner][vc_separator type=\u00a0\u00bbtransparent\u00a0\u00bb][vc_separator type=\u00a0\u00bbnormal\u00a0\u00bb color=\u00a0\u00bb#95ba00&Prime;][vc_separator type=\u00a0\u00bbtransparent\u00a0\u00bb][vc_row_inner&#8230;<\/p>\n","protected":false},"author":1,"featured_media":0,"parent":0,"menu_order":6,"comment_status":"open","ping_status":"closed","template":"","meta":[],"_links":{"self":[{"href":"https:\/\/sergetinland.com\/fr\/wp-json\/wp\/v2\/pages\/17262"}],"collection":[{"href":"https:\/\/sergetinland.com\/fr\/wp-json\/wp\/v2\/pages"}],"about":[{"href":"https:\/\/sergetinland.com\/fr\/wp-json\/wp\/v2\/types\/page"}],"author":[{"embeddable":true,"href":"https:\/\/sergetinland.com\/fr\/wp-json\/wp\/v2\/users\/1"}],"replies":[{"embeddable":true,"href":"https:\/\/sergetinland.com\/fr\/wp-json\/wp\/v2\/comments?post=17262"}],"version-history":[{"count":61,"href":"https:\/\/sergetinland.com\/fr\/wp-json\/wp\/v2\/pages\/17262\/revisions"}],"predecessor-version":[{"id":17789,"href":"https:\/\/sergetinland.com\/fr\/wp-json\/wp\/v2\/pages\/17262\/revisions\/17789"}],"wp:attachment":[{"href":"https:\/\/sergetinland.com\/fr\/wp-json\/wp\/v2\/media?parent=17262"}],"curies":[{"name":"wp","href":"https:\/\/api.w.org\/{rel}","templated":true}]}}