{"id":17267,"date":"2019-08-13T04:12:21","date_gmt":"2019-08-13T02:12:21","guid":{"rendered":"http:\/\/sergetinland.com\/?page_id=17267"},"modified":"2023-10-10T02:43:02","modified_gmt":"2023-10-10T00:43:02","slug":"news","status":"publish","type":"page","link":"https:\/\/sergetinland.com\/fr\/news\/","title":{"rendered":"News"},"content":{"rendered":"<p>[vc_row css_animation=\u00a0\u00bb\u00a0\u00bb row_type=\u00a0\u00bbrow\u00a0\u00bb use_row_as_full_screen_section=\u00a0\u00bbyes\u00a0\u00bb type=\u00a0\u00bbfull_width\u00a0\u00bb angled_section=\u00a0\u00bbno\u00a0\u00bb text_align=\u00a0\u00bbleft\u00a0\u00bb background_image_as_pattern=\u00a0\u00bbwithout_pattern\u00a0\u00bb z_index=\u00a0\u00bb\u00a0\u00bb][vc_column width=\u00a0\u00bb2\/3&Prime;][vc_row_inner row_type=\u00a0\u00bbrow\u00a0\u00bb type=\u00a0\u00bbfull_width\u00a0\u00bb text_align=\u00a0\u00bbleft\u00a0\u00bb css_animation=\u00a0\u00bb\u00a0\u00bb][vc_column_inner][vc_column_text]<\/p>\n<h3><strong>La liste des news 2023 :<\/strong><\/h3>\n<p><strong>07\/05\/2023<\/strong><\/p>\n<p><strong>The Phenix Project partenaire de l&rsquo;\u00e9v\u00e9nement ECHO Event : Le congr\u00e8s ECHO les 04 et 05 Novembre 2023 \u00e0 la Sorbonne sur Paris !<\/strong><\/p>\n<p><a href=\"https:\/\/echo-event.com\/fr\/accueil2-fr\/\" target=\"_blank\" rel=\"noopener\">https:\/\/echo-event.com\/fr\/accueil2-fr\/<\/a><\/p>\n<p>&nbsp;<\/p>\n<p><strong>30\/10\/2021<\/strong><\/p>\n<p><strong>Papier Serge Tinland sur ResearchGate : UAPS &#8211; ECTs propositions d&rsquo;\u00e9tudes th\u00e9oriques et exp\u00e9rimentales 30 10 2021<\/strong><\/p>\n<p><a href=\"https:\/\/www.researchgate.net\/publication\/357435279_UAPs-ECTs-Propositions-de-pistes-de-recherche\" target=\"_blank\" rel=\"noopener noreferrer\">http:\/\/sergetinland.com\/wp-content\/uploads\/2021\/11\/Papier-Serge-Tinland-UAPS-ECTs-Propositions-de-pistes-de-recherche-30-10-2021.pdf<\/a><\/p>\n<p>&nbsp;<\/p>\n<p><strong>26\/07\/2021<\/strong><\/p>\n<p><b>Lancement du Galileo Project par le professeur Avi Loeb de l&rsquo;universit\u00e9 de Harvard.<\/b><\/p>\n<p><a href=\"https:\/\/projects.iq.harvard.edu\/galileo\">https:\/\/projects.iq.harvard.edu\/galileo<\/a><\/p>\n<p>&nbsp;<\/p>\n<p><strong>25\/06\/2021<\/strong><\/p>\n<p><strong>Rapport officiel de l&rsquo;ODNI \u00a0(Office of the Director of National Intelligence).<\/strong><\/p>\n<p><a href=\"https:\/\/documents2.theblackvault.com\/documents\/ufos\/2021-Government-UAP-UFO-Report.pdf\">https:\/\/documents2.theblackvault.com\/documents\/ufos\/2021-Government-UAP-UFO-Report.pdf<\/a><\/p>\n<p>&nbsp;<\/p>\n<p><strong>05\/07\/2021<\/strong><\/p>\n<p><strong>Rapport d&rsquo;avancement de la commission Technique Sigma2 de la 3AF<\/strong><\/p>\n<p><a href=\"https:\/\/www.3af.fr\" target=\"_blank\" rel=\"noopener noreferrer\">https:\/\/www.3af.fr<\/a><\/p>\n<p>&nbsp;<\/p>\n<p><strong>01\/01\/2021<\/strong><\/p>\n<p>&nbsp;<\/p>\n<p><strong>En 2021, la mission principale de l&rsquo;\u00e9quipe du Phenix Project sera de r\u00e9ussir la lev\u00e9e de fonds pour l&rsquo;ouverture du premier UMR de la Fondation Phenix.<\/strong><\/p>\n<p>&nbsp;<\/p>\n<h3><strong>La liste des news 2020 :<\/strong><\/h3>\n<p>&nbsp;<\/p>\n<p><strong>01\/01\/2020<\/strong><\/p>\n<p><strong>En 2020, la mission principale de l&rsquo;\u00e9quipe du Phenix Project sera de r\u00e9ussir la lev\u00e9e de fonds pour l&rsquo;ouverture du premier UMR de la Fondation Phenix.<\/strong><\/p>\n<p>&nbsp;<\/p>\n<p><strong>27\/12\/2020<\/strong><\/p>\n<p>&nbsp;<\/p>\n<p><strong>Interview de l&rsquo;auteur 2020 : En qu\u00eate de r\u00e9flexion !<\/strong><\/p>\n<p><a href=\"https:\/\/www.dailymotion.com\/video\/x7yb6i3\">https:\/\/www.dailymotion.com\/video\/x7yb6i3<\/a><\/p>\n<h3><\/h3>\n<h3><strong>La liste des news 2019 :<\/strong><\/h3>\n<p>&nbsp;<\/p>\n<p><strong>12\/02\/2019<\/strong><\/p>\n<p><strong>En 2019, la mission principale de l&rsquo;\u00e9quipe du Phenix Project sera de r\u00e9ussir la lev\u00e9e de fonds pour l&rsquo;ouverture du premier UMR de la Fondation Phenix.<\/strong><\/p>\n<p>&nbsp;<\/p>\n<h3><strong>La liste des news 2018 :<\/strong><\/h3>\n<p>&nbsp;<\/p>\n<p><strong>12\/04\/2018<\/strong><\/p>\n<p><strong>En 2018, la mission principale de l&rsquo;\u00e9quipe du Phenix Project sera de r\u00e9ussir la lev\u00e9e de fonds pour l&rsquo;ouverture du premier UMR de la Fondation Phenix.<\/strong><\/p>\n<p><strong>\u00a0<\/strong><\/p>\n<h3><strong>La liste des news 2017 :<\/strong><\/h3>\n<h4><strong>12\/04\/2017<\/strong><\/h4>\n<p><strong>En 2017, la mission principale de l&rsquo;\u00e9quipe du Phenix Project sera de r\u00e9ussir la lev\u00e9e de fonds pour l&rsquo;ouverture du premier UMR de la Fondation Phenix.<\/strong><\/p>\n<p><strong>\u00a0<\/strong><\/p>\n<p><strong>\u00a0<\/strong><\/p>\n<h3><strong>La liste des news 2016 :<\/strong><\/h3>\n<p>&nbsp;<\/p>\n<p><strong>12\/04\/2016<\/strong><\/p>\n<p><strong>En 2016, la mission principale de l&rsquo;\u00e9quipe du Phenix Project sera de r\u00e9ussir la lev\u00e9e de fonds pour l&rsquo;ouverture du premier UMR de la Fondation Phenix.<\/strong><\/p>\n<h3><strong>La liste des news 2015 :<\/strong><\/h3>\n<p>&nbsp;<\/p>\n<p><strong>02\/05\/2015<\/strong><\/p>\n<p><strong>En 2015, la mission principale de l&rsquo;\u00e9quipe du Phenix Project sera de r\u00e9ussir la lev\u00e9e de fonds pour l&rsquo;ouverture du premier UMR de la Fondation Phenix.<\/strong><\/p>\n<p>&nbsp;<\/p>\n<p><strong>15\/04\/2015<\/strong><\/p>\n<p>Voici un bilan de nos ressources plan\u00e9taires et de notre consommation montrant que notre syst\u00e8me \u00e9conomique actuel ainsi que nos choix inconsid\u00e9r\u00e9s nous entra\u00eenent directement droit dans le mur si nous ne faisons rien. Ce documentaire a \u00e9t\u00e9 r\u00e9alis\u00e9 par l&rsquo;Am\u00e9ricain Dermot O&rsquo; Connor et produit par incubate pictures. La vid\u00e9o a \u00e9t\u00e9 traduite par mpOC-Li\u00e8ge. Titre original : There&rsquo;s No Tomorrow (peak oil, energy, growth &amp; the future).<\/p>\n<p>Phenix Project propose depuis janvier 2007 une v\u00e9ritable alternative, r\u00e9ponse et solution \u00e0 la soci\u00e9t\u00e9 humaine et marchande de la plan\u00e8te Terre face \u00e0 l&rsquo;extr\u00eame urgence de la d\u00e9couverte et la mise en production d&rsquo;une toute nouvelle source et forme d&rsquo;\u00e9nergie venant remplacer l&rsquo;ensemble des \u00e9nergies fossiles (p\u00e9trole, gaz, charbon) et soutenir des plus efficacement les \u00e9nergies renouvelables, alternatives d\u00e9ficientes et\/ou peu efficaces propos\u00e9es actuellement, comme : le nucl\u00e9aire, l&rsquo;\u00e9olien, l&rsquo;hydro\u00e9lectricit\u00e9, la g\u00e9othermie, la houlomotricit\u00e9, les agrocarburants, l&rsquo;hydrog\u00e8ne, les panneaux solaires et enfin les centrales solaires thermiques.<\/p>\n<p>La solution pour Phenix Project est de cr\u00e9er le plus rapidement possible un centre de recherche pluridisciplinaire sur le dossier le plus important et strat\u00e9gique du point de vue technologique et scientifique auquel l&rsquo;humanit\u00e9 tout enti\u00e8re n&rsquo;a jamais \u00e9t\u00e9 confront\u00e9e : le dossier OVNI<\/p>\n<p>L&rsquo;\u00e9tude exclusivement technologique et scientifique du dossier OVNI, notamment en axant celle-ci sur les moyens de propulsions des a\u00e9ronefs que constituent ces OVNIS, porte en soi la solution vers la d\u00e9couverte et l&rsquo;exploitation d&rsquo;une toute nouvelle source et forme d&rsquo;\u00e9nergie dont l&rsquo;esp\u00e8ce humaine et son environnement auront si cruellement besoin dans maximum 30 ans !<\/p>\n<p>Phenix Project est totalement pr\u00eat pour l&rsquo;ouverture de ce centre de recherche unique au monde afin d&rsquo;apporter ses comp\u00e9tences et expertises \u00e0 l&rsquo;objectif fix\u00e9. Mais pour cela, Phenix Project \u00e0 besoin de l&rsquo;aide financi\u00e8re des pays, gouvernements, industriels, partenaires, m\u00e9c\u00e8nes et\/ou donateurs conscients de l&rsquo;urgence de la situation et des solutions \u00e0 mettre en oeuvre, l&rsquo;ouverture de ce centre de recherche, afin de mener \u00e0 bien l&rsquo;objectif qui est le n\u00f4tre : la survie, puis l&rsquo;expansion contr\u00f4l\u00e9e et positive de l&rsquo;humanit\u00e9, non seulement \u00e0 la surface de sa plan\u00e8te d&rsquo;origine, la Terre, mais aussi, bien au-del\u00e0&#8230;<\/p>\n<p>&nbsp;<\/p>\n<p><strong>DOCUMENTAIRES<\/strong><\/p>\n<p><strong><br \/>\nLa science confront\u00e9e \u00e0 l\u2019inexpliqu\u00e9\u2026 Un des plus grand challenge pour l\u2019Humanit\u00e9 !<\/strong><\/p>\n<p><a href=\"https:\/\/www.dailymotion.com\/video\/xif21i\" target=\"_blank\" rel=\"noopener noreferrer\">https:\/\/www.dailymotion.com\/video\/xif21i<\/a><\/p>\n<p>&nbsp;<\/p>\n<p><strong>Ovni, une affaire d&rsquo;\u00e9tats !<\/strong><\/p>\n<p><a href=\"https:\/\/www.youtube.com\/watch?v=ZPoPpbVxAPQ\" target=\"_blank\" rel=\"noopener noreferrer\">https:\/\/www.youtube.com\/watch?v=ZPoPpbVxAPQ<\/a><\/p>\n<p>&nbsp;<\/p>\n<p><strong>R\u00e9cente interview du S\u00e9nateur Harry Reid \u00e0 propos des ovni, qui d\u00e9clare \u00ab\u00a0L&rsquo;essentiel n&rsquo;a pas vu la lumi\u00e8re du jour\u00a0\u00bb<\/strong><\/p>\n<p><a href=\"https:\/\/www.youtube.com\/watch?v=tQYXTptoRIw\" target=\"_blank\" rel=\"noopener noreferrer\">https:\/\/www.youtube.com\/watch?v=tQYXTptoRIw<\/a><\/p>\n<p>&nbsp;<\/p>\n<p><b>\u00c9clairages : Les Ovnis, Ph\u00e9nom\u00e8nes A\u00e9rospatiaux Non Identifi\u00e9s<\/b><\/p>\n<p><a href=\"https:\/\/www.anews-securite.fr\/eclairages-les-ovni-phenomenes-aerospatiaux-non-identifies\/\" target=\"_blank\" rel=\"noopener noreferrer\">https:\/\/www.anews-securite.fr\/eclairages-les-ovni-phenomenes-aerospatiaux-non-identifies\/<\/a>[\/vc_column_text][\/vc_column_inner][\/vc_row_inner][vc_separator type=\u00a0\u00bbtransparent\u00a0\u00bb][vc_separator type=\u00a0\u00bbtransparent\u00a0\u00bb][vc_separator type=\u00a0\u00bbtransparent\u00a0\u00bb][vc_separator type=\u00a0\u00bbtransparent\u00a0\u00bb][\/vc_column][vc_column width=\u00a0\u00bb1\/3&Prime;][vc_row_inner row_type=\u00a0\u00bbrow\u00a0\u00bb type=\u00a0\u00bbfull_width\u00a0\u00bb text_align=\u00a0\u00bbleft\u00a0\u00bb css_animation=\u00a0\u00bb\u00a0\u00bb background_color=\u00a0\u00bb#95ba00&Prime;][vc_column_inner][vc_separator type=\u00a0\u00bbtransparent\u00a0\u00bb][vc_column_text]<\/p>\n<h2 style=\"text-align: center;\"><span style=\"color: white;\">LIENS<br \/>\n<\/span><\/h2>\n<p>[\/vc_column_text][vc_separator type=\u00a0\u00bbtransparent\u00a0\u00bb][vc_separator type=\u00a0\u00bbtransparent\u00a0\u00bb][vc_separator type=\u00a0\u00bbtransparent\u00a0\u00bb][vc_column_text]<\/p>\n<p style=\"color: #ffffff;\"><strong>Sergetinland2027:<\/strong><br \/>\nParce qu\u2019il est important d\u2019avoir des opinions !<br \/>\n<a href=\"http:\/\/www.sergetinland2027.fr\" target=\"_blank\" rel=\"noopener noreferrer\">http:\/\/www.sergetinland2027.fr<\/a><\/p>\n<p>&nbsp;<\/p>\n<p style=\"color: #ffffff;\"><strong>The Phenix Project:<\/strong><br \/>\nLe site officiel du Phenix Project<br \/>\n<a href=\"http:\/\/www.thephenixproject.com\/fr\/Default.htm\" target=\"_blank\" rel=\"noopener noreferrer\">http:\/\/www.thephenixproject.com\/fr\/Default.htm<\/a><\/p>\n<p>&nbsp;<\/p>\n<p style=\"color: #ffffff;\"><strong>ICDV:<\/strong><br \/>\nLe site officiel Des Invisibles du Col de Vence <a href=\"http:\/\/www.coldevence.net\" target=\"_blank\" rel=\"noopener noreferrer\">http:\/\/www.coldevence.net<\/a><\/p>\n<p>&nbsp;<\/p>\n<p style=\"color: #ffffff;\"><strong>NERUSI:<\/strong><br \/>\nLes Editions NERUSI, site de travail des ICDV<br \/>\n<a href=\"http:\/\/www.nerusi.com\" target=\"_blank\" rel=\"noopener noreferrer\">http:\/\/www.nerusi.com<\/a><\/p>\n<p>&nbsp;<\/p>\n<p style=\"color: #ffffff;\"><strong>AMS \/ ICDV:<\/strong><br \/>\nSite officiel du projet AMS des ICDV<br \/>\n<a href=\"http:\/\/ams.coldevence.net\" target=\"_blank\" rel=\"noopener noreferrer\">http:\/\/ams.coldevence.net<\/a><\/p>\n<p>&nbsp;<\/p>\n<p style=\"color: #ffffff;\"><strong>INRESS:<\/strong><br \/>\nL\u2019extraordinaire dans nos vies<br \/>\n<a href=\"http:\/\/www.inrees.com\" target=\"_blank\" rel=\"noopener noreferrer\">http:\/\/www.inrees.com<\/a><\/p>\n<p>&nbsp;<\/p>\n<p style=\"color: #ffffff;\"><strong>Ovni\u2019s direct :<\/strong><br \/>\nL\u2019actualit\u00e9 sur le dossier Ovni<br \/>\n<a href=\"http:\/\/ovnis-direct.com\" target=\"_blank\" rel=\"noopener noreferrer\">http:\/\/ovnis-direct.com<\/a><\/p>\n<p>&nbsp;<\/p>\n<p style=\"color: #ffffff;\"><strong>Earthfiles:<\/strong><br \/>\nUn site d\u2019information am\u00e9ricain tr\u00e8s inform\u00e9 et tr\u00e8s document\u00e9 <a href=\"https:\/\/www.earthfiles.com\" target=\"_blank\" rel=\"noopener noreferrer\">https:\/\/www.earthfiles.com<\/a><\/p>\n<p>&nbsp;<\/p>\n<p style=\"color: #ffffff;\"><strong>UFO USA:<\/strong><br \/>\nBase de donn\u00e9es incontournable sur le dossier Ovni<br \/>\n<a href=\"http:\/\/ovnis-usa.com\" target=\"_blank\" rel=\"noopener noreferrer\">http:\/\/ovnis-usa.com<\/a><\/p>\n<p>&nbsp;<\/p>\n<p style=\"color: #ffffff;\"><strong>Baseovni:<\/strong><br \/>\nBase de donn\u00e9es d\u2019observations en France<br \/>\n<a href=\"http:\/\/baseovnifrance.free.fr\" target=\"_blank\" rel=\"noopener noreferrer\">http:\/\/baseovnifrance.free.fr<\/a><\/p>\n<p>&nbsp;<\/p>\n<p style=\"color: #ffffff;\"><strong>UFO-ufo:<\/strong><br \/>\nSite d\u2019information tr\u00e8s d\u00e9taill\u00e9 sur le dossier Ovni<br \/>\n<a href=\"http:\/\/ovnis-ufo.org\" target=\"_blank\" rel=\"noopener noreferrer\">http:\/\/ovnis-ufo.org<\/a><\/p>\n<p>&nbsp;<\/p>\n<p style=\"color: #ffffff;\"><strong>MUFON (Mutual UFO Network)<\/strong><br \/>\nAssociation de recherch\u00e9 am\u00e9ricaine sur le dossier Ovni<br \/>\n<a href=\"https:\/\/www.mufon.com\" target=\"_blank\" rel=\"noopener noreferrer\">https:\/\/www.mufon.com<\/a><\/p>\n<p>&nbsp;<\/p>\n<p style=\"color: #ffffff;\"><strong>AFU &#8211; Archives for UFO Research)<\/strong><br \/>\nBase de donn\u00e9es europ\u00e9enne incontournable sur le dossier Ovni<br \/>\n<a href=\"http:\/\/www.afu.se\/afu2\/?page_id=4091\" target=\"_blank\" rel=\"noopener noreferrer\">http:\/\/www.afu.se\/afu2\/?page_id=4091<\/a><\/p>\n<p>&nbsp;<\/p>\n<p><a href=\"http:\/\/files.afu.se\/Downloads\/Magazines\/\" target=\"_blank\" rel=\"noopener noreferrer\">http:\/\/files.afu.se<\/a><\/p>\n<p>&nbsp;<\/p>\n<p style=\"color: #ffffff;\"><strong>Liste non exhaustive d\u2019organisations travaillant sur le dossier Ovni<\/strong><\/p>\n<p><a href=\"https:\/\/en.wikipedia.org\/wiki\/List_of_UFO_organizations\" target=\"_blank\" rel=\"noopener noreferrer\">https:\/\/en.wikipedia.org<\/a><\/p>\n<p>&nbsp;<\/p>\n<p style=\"color: #ffffff;\"><strong>Jean-Pierre PETIT<\/strong><br \/>\nBase de donn\u00e9es incontournable d\u2019un tr\u00e8s haut niveau scientifique<br \/>\n<a href=\"https:\/\/www.jp-petit.org\" target=\"_blank\" rel=\"noopener noreferrer\">https:\/\/www.jp-petit.org<\/a><\/p>\n<p>&nbsp;<\/p>\n<p style=\"color: #ffffff;\"><strong>ISS tracker:<\/strong><br \/>\nSuivez en directe l\u2019\u00e9volution de l\u2019ISS (Station Spatiale Internationale) autour de la Terre<br \/>\n<a href=\"http:\/\/www.racineduweb.com\/station-spatiale-internationale.php\" target=\"_blank\" rel=\"noopener noreferrer\">http:\/\/www.racineduweb.com<\/a><\/p>\n<p>&nbsp;<\/p>\n<p style=\"color: #ffffff;\"><strong>Anguille sous roche:<\/strong><br \/>\nUne actualit\u00e9 permanente sur le dossier Ovni au niveau international<\/p>\n<p><a href=\"https:\/\/www.anguillesousroche.com\/category\/ovnis\/\" target=\"_blank\" rel=\"noopener noreferrer\">https:\/\/www.anguillesousroche.com\/category\/ovnis\/<\/a><\/p>\n<p>&nbsp;<\/p>\n<p style=\"color: #ffffff;\"><strong>3AF:<\/strong><br \/>\nL&rsquo;Association a\u00e9ronautique et astronautique de France<\/p>\n<p><a href=\"https:\/\/www.3af.fr\" target=\"_blank\" rel=\"noopener noreferrer\">https:\/\/www.3af.fr<\/a><\/p>\n<p>&nbsp;<\/p>\n<p style=\"color: #ffffff;\"><strong>The Galileo Project:<\/strong><\/p>\n<p><a href=\"https:\/\/projects.iq.harvard.edu\/galileo\" target=\"_blank\" rel=\"noopener noreferrer\">https:\/\/projects.iq.harvard.edu\/galileo<\/a><\/p>\n<p>&nbsp;<\/p>\n<p style=\"color: #ffffff;\"><strong>ECHO Event:<\/strong><\/p>\n<p><a href=\"https:\/\/echo-event.com\/fr\/accueil2-fr\/\" target=\"_blank\" rel=\"noopener\">https:\/\/echo-event.com\/fr\/accueil2-fr\/<\/a>[\/vc_column_text][vc_separator type=\u00a0\u00bbtransparent\u00a0\u00bb][vc_separator type=\u00a0\u00bbtransparent\u00a0\u00bb][vc_separator type=\u00a0\u00bbtransparent\u00a0\u00bb][vc_separator type=\u00a0\u00bbtransparent\u00a0\u00bb][vc_separator type=\u00a0\u00bbtransparent\u00a0\u00bb][vc_separator type=\u00a0\u00bbtransparent\u00a0\u00bb][vc_separator type=\u00a0\u00bbtransparent\u00a0\u00bb][vc_separator type=\u00a0\u00bbtransparent\u00a0\u00bb][vc_separator type=\u00a0\u00bbtransparent\u00a0\u00bb][vc_separator type=\u00a0\u00bbtransparent\u00a0\u00bb][\/vc_column_inner][\/vc_row_inner][vc_separator type=\u00a0\u00bbtransparent\u00a0\u00bb][\/vc_column][\/vc_row]<\/p>\n","protected":false},"excerpt":{"rendered":"<p>[vc_row css_animation=\u00a0\u00bb\u00a0\u00bb row_type=\u00a0\u00bbrow\u00a0\u00bb use_row_as_full_screen_section=\u00a0\u00bbyes\u00a0\u00bb type=\u00a0\u00bbfull_width\u00a0\u00bb angled_section=\u00a0\u00bbno\u00a0\u00bb text_align=\u00a0\u00bbleft\u00a0\u00bb background_image_as_pattern=\u00a0\u00bbwithout_pattern\u00a0\u00bb z_index=\u00a0\u00bb\u00a0\u00bb][vc_column width=\u00a0\u00bb2\/3&Prime;][vc_row_inner row_type=\u00a0\u00bbrow\u00a0\u00bb type=\u00a0\u00bbfull_width\u00a0\u00bb text_align=\u00a0\u00bbleft\u00a0\u00bb css_animation=\u00a0\u00bb\u00a0\u00bb][vc_column_inner][vc_column_text] La liste des news 2023 : 07\/05\/2023 The Phenix Project partenaire de l&rsquo;\u00e9v\u00e9nement ECHO Event : Le congr\u00e8s ECHO les 04 et 05 Novembre 2023 \u00e0 la Sorbonne sur Paris !&#8230;<\/p>\n","protected":false},"author":1,"featured_media":0,"parent":0,"menu_order":7,"comment_status":"closed","ping_status":"closed","template":"","meta":[],"_links":{"self":[{"href":"https:\/\/sergetinland.com\/fr\/wp-json\/wp\/v2\/pages\/17267"}],"collection":[{"href":"https:\/\/sergetinland.com\/fr\/wp-json\/wp\/v2\/pages"}],"about":[{"href":"https:\/\/sergetinland.com\/fr\/wp-json\/wp\/v2\/types\/page"}],"author":[{"embeddable":true,"href":"https:\/\/sergetinland.com\/fr\/wp-json\/wp\/v2\/users\/1"}],"replies":[{"embeddable":true,"href":"https:\/\/sergetinland.com\/fr\/wp-json\/wp\/v2\/comments?post=17267"}],"version-history":[{"count":49,"href":"https:\/\/sergetinland.com\/fr\/wp-json\/wp\/v2\/pages\/17267\/revisions"}],"predecessor-version":[{"id":17747,"href":"https:\/\/sergetinland.com\/fr\/wp-json\/wp\/v2\/pages\/17267\/revisions\/17747"}],"wp:attachment":[{"href":"https:\/\/sergetinland.com\/fr\/wp-json\/wp\/v2\/media?parent=17267"}],"curies":[{"name":"wp","href":"https:\/\/api.w.org\/{rel}","templated":true}]}}