{"id":17281,"date":"2014-05-15T12:38:07","date_gmt":"2014-05-15T10:38:07","guid":{"rendered":"http:\/\/sergetinland.com\/?page_id=17281"},"modified":"2024-04-07T00:54:54","modified_gmt":"2024-04-06T22:54:54","slug":"home","status":"publish","type":"page","link":"https:\/\/sergetinland.com\/fr\/","title":{"rendered":"Accueil"},"content":{"rendered":"<p>[vc_row css_animation=\u00a0\u00bb\u00a0\u00bb row_type=\u00a0\u00bbrow\u00a0\u00bb use_row_as_full_screen_section=\u00a0\u00bbno\u00a0\u00bb type=\u00a0\u00bbfull_width\u00a0\u00bb angled_section=\u00a0\u00bbno\u00a0\u00bb text_align=\u00a0\u00bbleft\u00a0\u00bb background_image_as_pattern=\u00a0\u00bbwithout_pattern\u00a0\u00bb padding_top=\u00a0\u00bb0&Prime; padding_bottom=\u00a0\u00bb0&Prime;][vc_column]<div class=\"call_to_action normal\" style=\"background-color: #95ba00;padding-top: 30px;padding-bottom: 40px;\"><div class=\"container_inner\"><div class=\"two_columns_75_25 clearfix\"><div class=\"text_wrapper column1\"><div class=\"call_to_action_text \" style=\"\">\n<h4><span style=\"color: #ffffff;\">Le projet Phenix a \u00e9t\u00e9 pens\u00e9 en ce sens pour tenter de r\u00e9pondre \u00e0 certaines questions fondamentales, en particulier dans le domaine des hautes \u00e9nergies, permettant si d\u00e9couverte, un avenir meilleur pour toute l\u2019humanit\u00e9 !<\/span><\/h4>\n<\/div><\/div><div class=\"button_wrapper column2\"><a itemprop=\"url\" href=\"http:\/\/sergetinland.com\/fr\/the-phenix-project\/\" class=\"qbutton white \" target=\"\" style=\"color: #000000;border-color: #ffffff;background-color: #ffffff;\"data-hover-background-color=#f9f9f9 data-hover-border-color=#f9f9f9 data-hover-color=#000000>The Phenix Project<\/a><\/div><\/div><\/div><\/div>[\/vc_column][\/vc_row][vc_row css_animation=\u00a0\u00bb\u00a0\u00bb row_type=\u00a0\u00bbrow\u00a0\u00bb use_row_as_full_screen_section=\u00a0\u00bbno\u00a0\u00bb type=\u00a0\u00bbgrid\u00a0\u00bb angled_section=\u00a0\u00bbno\u00a0\u00bb text_align=\u00a0\u00bbleft\u00a0\u00bb background_image_as_pattern=\u00a0\u00bbwithout_pattern\u00a0\u00bb padding_top=\u00a0\u00bb57&Prime; padding_bottom=\u00a0\u00bb0&Prime; anchor=\u00a0\u00bbportfolio\u00a0\u00bb background_color=\u00a0\u00bb#ffffff\u00a0\u00bb border_color=\u00a0\u00bb#efefef\u00a0\u00bb][vc_column][vc_row_inner row_type=\u00a0\u00bbrow\u00a0\u00bb type=\u00a0\u00bbfull_width\u00a0\u00bb text_align=\u00a0\u00bbleft\u00a0\u00bb css_animation=\u00a0\u00bb\u00a0\u00bb][vc_column_inner width=\u00a0\u00bb1\/2&Prime;][vc_single_image image=\u00a0\u00bb17435&Prime; img_size=\u00a0\u00bb300&#215;200&Prime; alignment=\u00a0\u00bbcenter\u00a0\u00bb onclick=\u00a0\u00bbcustom_link\u00a0\u00bb qode_css_animation=\u00a0\u00bbelement_from_fade\u00a0\u00bb transition_delay=\u00a0\u00bb0.3&Prime; link=\u00a0\u00bbhttp:\/\/sergetinland.com\/fr\/the-phenix-project\/\u00a0\u00bb][vc_separator type=\u00a0\u00bbtransparent\u00a0\u00bb up=\u00a0\u00bb25&Prime; down=\u00a0\u00bb8&Prime;][vc_column_text]<\/p>\n<h2 style=\"text-align: center;\">THE PHENIX PROJECT<\/h2>\n<h2 style=\"text-align: center;\"><a href=\"https:\/\/echo-event.com\/fr\/accueil2-fr\/\" target=\"_blank\" rel=\"noopener\">Partenaire d&rsquo;ECHO Event !<\/a><\/h2>\n<p style=\"text-align: center;\"><a href=\"https:\/\/echo-event.com\/fr\/congres-billetterie-fr\/\" target=\"_blank\" rel=\"noopener\"><img decoding=\"async\" loading=\"lazy\" class=\"alignnone size-medium wp-image-17705\" src=\"https:\/\/sergetinland.com\/wp-content\/uploads\/2023\/06\/344561368_1433341007413232_601036085645213037_n-212x300.jpg\" alt=\"\" width=\"212\" height=\"300\" srcset=\"https:\/\/sergetinland.com\/wp-content\/uploads\/2023\/06\/344561368_1433341007413232_601036085645213037_n-212x300.jpg 212w, https:\/\/sergetinland.com\/wp-content\/uploads\/2023\/06\/344561368_1433341007413232_601036085645213037_n.jpg 509w\" sizes=\"(max-width: 212px) 100vw, 212px\" \/><\/a><\/p>\n<p>[\/vc_column_text][vc_separator type=\u00a0\u00bbtransparent\u00a0\u00bb up=\u00a0\u00bb11&Prime; down=\u00a0\u00bb0&Prime;][vc_column_text]<strong>QUELLES SOURCES D&rsquo;ENERGIE POUR DEMAIN ?<\/strong><br \/>\n<strong>CONTACTS ET ECHANGES&#8230;:<\/strong> Que peut-on attendre de l&rsquo;espace et surtout, que peut-on apprendre du dossier technico-scientifique le plus strat\u00e9gique qui soit :<\/p>\n<p>&nbsp;<\/p>\n<p><strong>Le dossier OVNI (objet volant non identifi\u00e9) !<\/strong><\/p>\n<p>&nbsp;<\/p>\n<p><strong>LA RECHERCHE ET LA DECOUVERTE D&rsquo;UNE NOUVELLE SOURCE ET FORME D&rsquo;ENERGIE :<\/strong> Un enjeu \u00e9conomique strat\u00e9gique pour la soci\u00e9t\u00e9 marchande plan\u00e9taire&#8230; Un enjeu vital pour le devenir de la soci\u00e9t\u00e9 humaine et de notre plan\u00e8te, la Terre !<\/p>\n<p>&nbsp;<\/p>\n<p><strong>Pour en savoir plus :<\/strong><\/p>\n<p><strong><br \/>\n<\/strong><strong>The Phenix Project <\/strong><\/p>\n<p><strong>(<a href=\"http:\/\/www.thephenixproject.com\/fr\/Default.htm\" target=\"_blank\" rel=\"noopener noreferrer\">http:\/\/www.thephenixproject.com\/fr\/Default.htm<\/a>)<br \/>\n<\/strong><\/p>\n<p>&nbsp;<\/p>\n<p><strong>Interview de Serge Tinland, l&rsquo;initiateur du Projet Phenix, par FLASHESPACE<\/strong><\/p>\n<p><strong><a href=\"http:\/\/www.thephenixproject.com\/download\/Interview_Flashespace_Fr.pdf\" target=\"_blank\" rel=\"noopener noreferrer\">http:\/\/www.thephenixproject.com\/download\/Interview_Flashespace_Fr.pdf<\/a><\/strong><\/p>\n<p>&nbsp;<\/p>\n<p><strong>Papier sur les UAPs &#8211; ETCs 30 Octobre 2021<\/strong><\/p>\n<p><a href=\"http:\/\/sergetinland.com\/wp-content\/uploads\/2021\/11\/Papier-Serge-Tinland-UAPS-ECTs-Propositions-de-pistes-de-recherche-30-10-2021.pdf\" target=\"_blank\" rel=\"noopener noreferrer\">http:\/\/sergetinland.com\/wp-content\/uploads\/2021\/11\/Papier-Serge-Tinland-UAPS-ECTs-Propositions-de-pistes-de-recherche-30-10-2021.pdf<\/a>[\/vc_column_text][vc_separator type=\u00a0\u00bbtransparent\u00a0\u00bb up=\u00a0\u00bb63&Prime; down=\u00a0\u00bb0&Prime;][\/vc_column_inner][vc_column_inner width=\u00a0\u00bb1\/2&Prime;][vc_single_image image=\u00a0\u00bb17434&Prime; img_size=\u00a0\u00bb300&#215;200&Prime; alignment=\u00a0\u00bbcenter\u00a0\u00bb onclick=\u00a0\u00bbcustom_link\u00a0\u00bb qode_css_animation=\u00a0\u00bbelement_from_fade\u00a0\u00bb transition_delay=\u00a0\u00bb0.6&Prime; link=\u00a0\u00bbhttp:\/\/sergetinland.com\/fr\/ouvrage\/\u00a0\u00bb][vc_separator type=\u00a0\u00bbtransparent\u00a0\u00bb up=\u00a0\u00bb25&Prime; down=\u00a0\u00bb8&Prime;][vc_column_text]<\/p>\n<h2 style=\"text-align: left;\">LES INVISIBLES DU COL DE VENCE<\/h2>\n<p>[\/vc_column_text][vc_separator type=\u00a0\u00bbtransparent\u00a0\u00bb up=\u00a0\u00bb11&Prime; down=\u00a0\u00bb0&Prime;][vc_column_text]<strong>Enqu\u00eates et R\u00e9v\u00e9lations sur une zone d\u2019Anomalies Permanentes<\/strong><\/p>\n<p>&nbsp;<\/p>\n<p><strong>Il existe des lieux dont l&rsquo;\u00e9vocation retient toute notre attention tant les choses rapport\u00e9es \u00e0 leur sujet paraissent magiques et irr\u00e9elles. Comme en Utah sur le territoire am\u00e9ricain, Canneto en Sicile, Basiliano en Italie, Hessdalen en Norv\u00e8ge, KongKa La au Ladakh, Tina aux \u00celes Salomon ou encore St-Thomas aux \u00celes Vierges,\u2026, le col de Vence est un de ces endroits. Situ\u00e9 dans l&rsquo;arri\u00e8re-pays ni\u00e7ois, France, il est connu depuis tr\u00e8s longtemps comme \u00e9tant un lieu o\u00f9 d&rsquo;\u00e9tranges \u00e9v\u00e9nements sont cens\u00e9s s&rsquo;y d\u00e9rouler attirant de nombreux randonneurs et passionn\u00e9s du sujet et dossier Ovni.<\/strong><\/p>\n<p>&nbsp;<\/p>\n<p><strong>Les Invisibles du Col de Vence\u00a0<\/strong>(ICDV), groupe d\u2019enqu\u00eateurs pluridisciplinaires, parcourant le terrain du questionnement depuis 1999, apr\u00e8s deux ann\u00e9es d\u2019\u00e9criture collective finalis\u00e9e en 2008 vous proposent de d\u00e9couvrir sous une forme des plus originale, un roman enqu\u00eate-v\u00e9rit\u00e9, ce lieu hors du temps charg\u00e9 d\u2019histoires et de myst\u00e8res ufologiques restant \u00e0 d\u00e9couvrir pour une r\u00e9v\u00e9lation au monde.<\/p>\n<p>&nbsp;<\/p>\n<p><strong>Pour en savoir plus : Ouvrage des ICDV <\/strong><strong>(<\/strong><a href=\"http:\/\/www.nerusi.com\/\" target=\"_blank\" rel=\"noopener noreferrer\"><strong>http:\/\/www.nerusi.com\/<\/strong><\/a><strong>)<\/strong>[\/vc_column_text][vc_separator type=\u00a0\u00bbtransparent\u00a0\u00bb up=\u00a0\u00bb63&Prime; down=\u00a0\u00bb0&Prime;][\/vc_column_inner][\/vc_row_inner][\/vc_column][\/vc_row][vc_row row_type=\u00a0\u00bbparallax\u00a0\u00bb parallax_content_width=\u00a0\u00bbin_grid\u00a0\u00bb text_align=\u00a0\u00bbleft\u00a0\u00bb full_screen_section_height=\u00a0\u00bbno\u00a0\u00bb anchor=\u00a0\u00bbportfolio\u00a0\u00bb background_image=\u00a0\u00bb16021&Prime; section_height=\u00a0\u00bb390&Prime;][vc_column][vc_separator type=\u00a0\u00bbtransparent\u00a0\u00bb up=\u00a0\u00bb108&Prime; down=\u00a0\u00bb0&Prime;][vc_column_text]<\/p>\n<h2 style=\"text-align: center;\">UN APER\u00c7U DE MES RECHERCHES<\/h2>\n<p>&nbsp;<\/p>\n<p style=\"text-align: center;\"><a href=\"https:\/\/www.researchgate.net\/publication\/357435279_UAPs-ECTs-Propositions-de-pistes-de-recherche\" target=\"_blank\" rel=\"noopener noreferrer\"><strong>Papier Serge Tinland 30\/11\/2021 sur ResearchGate<\/strong><\/a><\/p>\n<p>[\/vc_column_text][vc_separator type=\u00a0\u00bbtransparent\u00a0\u00bb down=\u00a0\u00bb23&Prime; up=\u00a0\u00bb6&Prime;]<div class='testimonials_holder clearfix dark'><div class=\"testimonials testimonials_carousel\" data-show-navigation=\"yes\" data-animation-type=\"fade\" data-animation-speed=\"\" data-auto-rotate-slides=\"10\" data-number-per-slide=\"1\"><ul class=\"slides\"><li id=\"testimonials17316\" class=\"testimonial_content\"><div class=\"testimonial_content_inner\"><div class=\"testimonial_text_holder\"><div class=\"testimonial_text_inner\" style=\"color: #000000;\"><p style='font-size:14px;color:#000000;'>\"Nous pouvons ensemble, gr\u00e2ce \u00e0 vous et \u00e0 cette aventure unique au monde du Phenix Project, \u00e9crire de nouvelles pages de l'\u00e9volution des esp\u00e8ces, pour l'ensemble de l'humanit\u00e9, son devenir proche et son bien-\u00eatre.\"<\/p><p class=\"testimonial_author\" style=\"color: #000000;font-weight: 600;color: #95ba00;\">Serge Tinland<\/p><\/div><\/div><\/div><\/li><li id=\"testimonials17315\" class=\"testimonial_content\"><div class=\"testimonial_content_inner\"><div class=\"testimonial_text_holder\"><div class=\"testimonial_text_inner\" style=\"color: #000000;\"><p style='font-size:14px;color:#000000;'>\"L\u2019humanit\u00e9 est aujourd\u2019hui arriv\u00e9e \u00e0 une certaine maturit\u00e9. Elle a conscience \u00e0 la fois de la richesse et de la fragilit\u00e9 de son environnement. Elle est donc pr\u00eate \u00e0 recevoir toutes autres informations venant de l\u2019ext\u00e9rieur, lui permettant un changement radical de paradigme.\"<\/p><p class=\"testimonial_author\" style=\"color: #000000;font-weight: 600;color: #95ba00;\">Serge Tinland<\/p><\/div><\/div><\/div><\/li><li id=\"testimonials17314\" class=\"testimonial_content\"><div class=\"testimonial_content_inner\"><div class=\"testimonial_text_holder\"><div class=\"testimonial_text_inner\" style=\"color: #000000;\"><p style='font-size:14px;color:#000000;'>\"Ce sont les r\u00eaves qui ont permis \u00e0 l'humanit\u00e9 de grandir et ce sont ces m\u00eames r\u00eaves qui lui permettrons d'emprunter de nouvelles voies, de nouveaux chemins de son \u00e9volution, et ces r\u00eaves c'est ici et maintenant, gr\u00e2ce au Phenix Project. \"<\/p><p class=\"testimonial_author\" style=\"color: #000000;font-weight: 600;color: #95ba00;\">Serge Tinland<\/p><\/div><\/div><\/div><\/li><li id=\"testimonials17313\" class=\"testimonial_content\"><div class=\"testimonial_content_inner\"><div class=\"testimonial_text_holder\"><div class=\"testimonial_text_inner\" style=\"color: #000000;\"><p style='font-size:14px;color:#000000;'>\"Le dossier OVNI, et d'autres PAN, entretiennent depuis des d\u00e9cennies, voire des si\u00e8cles, \u00e0 la fois l'imagination, la cr\u00e9dulit\u00e9, la m\u00e9fiance et les int\u00e9r\u00eats d'une partie importante de la population humaine.\"<\/p><p class=\"testimonial_author\" style=\"color: #000000;font-weight: 600;color: #95ba00;\">Serge Tinland<\/p><\/div><\/div><\/div><\/li><li id=\"testimonials17312\" class=\"testimonial_content\"><div class=\"testimonial_content_inner\"><div class=\"testimonial_text_holder\"><div class=\"testimonial_text_inner\" style=\"color: #000000;\"><p style='font-size:14px;color:#000000;'>\"Il existe des lieux dont l'\u00e9vocation retient toute notre attention tant les choses rapport\u00e9es \u00e0 leur sujet paraissent magiques et irr\u00e9elles.\"<\/p><p class=\"testimonial_author\" style=\"color: #000000;font-weight: 600;color: #95ba00;\">Serge Tinland<\/p><\/div><\/div><\/div><\/li><\/ul><\/div><\/div>[vc_separator type=\u00a0\u00bbtransparent\u00a0\u00bb up=\u00a0\u00bb108&Prime; down=\u00a0\u00bb0&Prime;][\/vc_column][\/vc_row]<\/p>\n","protected":false},"excerpt":{"rendered":"<p>[vc_row css_animation=\u00a0\u00bb\u00a0\u00bb row_type=\u00a0\u00bbrow\u00a0\u00bb use_row_as_full_screen_section=\u00a0\u00bbno\u00a0\u00bb type=\u00a0\u00bbfull_width\u00a0\u00bb angled_section=\u00a0\u00bbno\u00a0\u00bb text_align=\u00a0\u00bbleft\u00a0\u00bb background_image_as_pattern=\u00a0\u00bbwithout_pattern\u00a0\u00bb padding_top=\u00a0\u00bb0&Prime; padding_bottom=\u00a0\u00bb0&Prime;][vc_column][\/vc_column][\/vc_row][vc_row css_animation=\u00a0\u00bb\u00a0\u00bb row_type=\u00a0\u00bbrow\u00a0\u00bb use_row_as_full_screen_section=\u00a0\u00bbno\u00a0\u00bb type=\u00a0\u00bbgrid\u00a0\u00bb angled_section=\u00a0\u00bbno\u00a0\u00bb text_align=\u00a0\u00bbleft\u00a0\u00bb background_image_as_pattern=\u00a0\u00bbwithout_pattern\u00a0\u00bb padding_top=\u00a0\u00bb57&Prime; padding_bottom=\u00a0\u00bb0&Prime; anchor=\u00a0\u00bbportfolio\u00a0\u00bb background_color=\u00a0\u00bb#ffffff\u00a0\u00bb border_color=\u00a0\u00bb#efefef\u00a0\u00bb][vc_column][vc_row_inner row_type=\u00a0\u00bbrow\u00a0\u00bb type=\u00a0\u00bbfull_width\u00a0\u00bb text_align=\u00a0\u00bbleft\u00a0\u00bb css_animation=\u00a0\u00bb\u00a0\u00bb][vc_column_inner width=\u00a0\u00bb1\/2&Prime;][vc_single_image image=\u00a0\u00bb17435&Prime; img_size=\u00a0\u00bb300&#215;200&Prime; alignment=\u00a0\u00bbcenter\u00a0\u00bb onclick=\u00a0\u00bbcustom_link\u00a0\u00bb qode_css_animation=\u00a0\u00bbelement_from_fade\u00a0\u00bb transition_delay=\u00a0\u00bb0.3&Prime; link=\u00a0\u00bbhttp:\/\/sergetinland.com\/fr\/the-phenix-project\/\u00a0\u00bb][vc_separator type=\u00a0\u00bbtransparent\u00a0\u00bb up=\u00a0\u00bb25&Prime; down=\u00a0\u00bb8&Prime;][vc_column_text] THE PHENIX PROJECT Partenaire d&rsquo;ECHO Event ! [\/vc_column_text][vc_separator&#8230;<\/p>\n","protected":false},"author":1,"featured_media":0,"parent":0,"menu_order":1,"comment_status":"open","ping_status":"closed","template":"full_width.php","meta":[],"_links":{"self":[{"href":"https:\/\/sergetinland.com\/fr\/wp-json\/wp\/v2\/pages\/17281"}],"collection":[{"href":"https:\/\/sergetinland.com\/fr\/wp-json\/wp\/v2\/pages"}],"about":[{"href":"https:\/\/sergetinland.com\/fr\/wp-json\/wp\/v2\/types\/page"}],"author":[{"embeddable":true,"href":"https:\/\/sergetinland.com\/fr\/wp-json\/wp\/v2\/users\/1"}],"replies":[{"embeddable":true,"href":"https:\/\/sergetinland.com\/fr\/wp-json\/wp\/v2\/comments?post=17281"}],"version-history":[{"count":29,"href":"https:\/\/sergetinland.com\/fr\/wp-json\/wp\/v2\/pages\/17281\/revisions"}],"predecessor-version":[{"id":17766,"href":"https:\/\/sergetinland.com\/fr\/wp-json\/wp\/v2\/pages\/17281\/revisions\/17766"}],"wp:attachment":[{"href":"https:\/\/sergetinland.com\/fr\/wp-json\/wp\/v2\/media?parent=17281"}],"curies":[{"name":"wp","href":"https:\/\/api.w.org\/{rel}","templated":true}]}}