{"id":17286,"date":"2019-08-13T05:11:47","date_gmt":"2019-08-13T03:11:47","guid":{"rendered":"http:\/\/sergetinland.com\/?page_id=17286"},"modified":"2023-11-07T19:01:05","modified_gmt":"2023-11-07T18:01:05","slug":"lauteur","status":"publish","type":"page","link":"https:\/\/sergetinland.com\/fr\/lauteur\/","title":{"rendered":"L\u2019auteur"},"content":{"rendered":"<p>[vc_row css_animation=\u00a0\u00bb\u00a0\u00bb row_type=\u00a0\u00bbrow\u00a0\u00bb use_row_as_full_screen_section=\u00a0\u00bbno\u00a0\u00bb type=\u00a0\u00bbgrid\u00a0\u00bb angled_section=\u00a0\u00bbno\u00a0\u00bb text_align=\u00a0\u00bbleft\u00a0\u00bb background_image_as_pattern=\u00a0\u00bbwithout_pattern\u00a0\u00bb padding_top=\u00a0\u00bb91&Prime; padding_bottom=\u00a0\u00bb0&Prime; anchor=\u00a0\u00bbportfolio\u00a0\u00bb background_color=\u00a0\u00bb#ffffff\u00a0\u00bb border_color=\u00a0\u00bb#efefef\u00a0\u00bb][vc_column][vc_row_inner row_type=\u00a0\u00bbrow\u00a0\u00bb type=\u00a0\u00bbfull_width\u00a0\u00bb text_align=\u00a0\u00bbleft\u00a0\u00bb css_animation=\u00a0\u00bb\u00a0\u00bb][vc_column_inner width=\u00a0\u00bb1\/2&Prime;][vc_single_image image=\u00a0\u00bb17609&Prime; img_size=\u00a0\u00bbfull\u00a0\u00bb qode_css_animation=\u00a0\u00bbelement_from_left\u00a0\u00bb transition_delay=\u00a0\u00bb0.3&Prime;][vc_separator type=\u00a0\u00bbtransparent\u00a0\u00bb up=\u00a0\u00bb65&Prime; down=\u00a0\u00bb0&Prime;][\/vc_column_inner][vc_column_inner width=\u00a0\u00bb1\/2&Prime;][vc_separator type=\u00a0\u00bbtransparent\u00a0\u00bb up=\u00a0\u00bb24&Prime; down=\u00a0\u00bb0&Prime;][vc_column_text]<\/p>\n<h2 style=\"text-align: left;\">BIENVENUE SUR LE SITE DE SERGE TINLAND<\/h2>\n<p>[\/vc_column_text][vc_separator type=\u00a0\u00bbsmall\u00a0\u00bb position=\u00a0\u00bbleft\u00a0\u00bb down=\u00a0\u00bb33&Prime; up=\u00a0\u00bb13&Prime; color=\u00a0\u00bb#818181&Prime;][vc_column_text]N\u00e9 en 1962 dans le d\u00e9partement de la Vienne (86), en France, technicien sup\u00e9rieur en plong\u00e9e sous-marine de formation, 14 ann\u00e9es d\u2019activit\u00e9s sous-marine professionnelle, et Responsable du D\u00e9veloppement des Formations A\u00e9ronautiques pendant 19 ans pour l&rsquo;\u00e9tat fran\u00e7ais (Education Nationale, puis la CCINCA, Chambre de Commerce et d&rsquo;Industrie Nice C\u00f4te d&rsquo;Azur), ma curiosit\u00e9 inn\u00e9e ainsi que mon esprit d&rsquo;aventure et d&rsquo;entreprise, m&rsquo;ont toujours port\u00e9 \u00e0 aller sans cesse de l&rsquo;avant, au-del\u00e0 des sentiers battus, \u00e0 la recherche de r\u00e9ponses aux questions que ne cesse de se poser l&rsquo;humanit\u00e9.<\/p>\n<p>&nbsp;<\/p>\n<p>Interview de l&rsquo;auteur 2020 : En qu\u00eate de r\u00e9flexion !<\/p>\n<p><a href=\"https:\/\/www.dailymotion.com\/video\/x7yb6i3\">https:\/\/www.dailymotion.com\/video\/x7yb6i3<\/a>[\/vc_column_text][vc_separator type=\u00a0\u00bbtransparent\u00a0\u00bb down=\u00a0\u00bb21&Prime; up=\u00a0\u00bb8&Prime;][\/vc_column_inner][\/vc_row_inner][\/vc_column][\/vc_row][vc_row css_animation=\u00a0\u00bb\u00a0\u00bb row_type=\u00a0\u00bbrow\u00a0\u00bb use_row_as_full_screen_section=\u00a0\u00bbno\u00a0\u00bb type=\u00a0\u00bbgrid\u00a0\u00bb angled_section=\u00a0\u00bbno\u00a0\u00bb text_align=\u00a0\u00bbleft\u00a0\u00bb background_image_as_pattern=\u00a0\u00bbwithout_pattern\u00a0\u00bb padding_top=\u00a0\u00bb81&Prime; padding_bottom=\u00a0\u00bb0&Prime; anchor=\u00a0\u00bbportfolio\u00a0\u00bb background_color=\u00a0\u00bb#f9f9f9&Prime; border_color=\u00a0\u00bb#efefef\u00a0\u00bb][vc_column][vc_row_inner row_type=\u00a0\u00bbrow\u00a0\u00bb type=\u00a0\u00bbfull_width\u00a0\u00bb text_align=\u00a0\u00bbleft\u00a0\u00bb css_animation=\u00a0\u00bb\u00a0\u00bb][vc_column_inner width=\u00a0\u00bb1\/2&Prime;][vc_separator type=\u00a0\u00bbtransparent\u00a0\u00bb up=\u00a0\u00bb24&Prime; down=\u00a0\u00bb0&Prime;][vc_column_text]<\/p>\n<h3 style=\"text-align: left;\">EMPRUNTER DE NOUVELLES VOIES<\/h3>\n<p>[\/vc_column_text][vc_separator type=\u00a0\u00bbtransparent\u00a0\u00bb down=\u00a0\u00bb10&Prime; up=\u00a0\u00bb3&Prime;][vc_column_text]Apr\u00e8s plus de 40 ann\u00e9es de r\u00e9flexions sur le sujet et dossier <strong>OVNI\/UAP<\/strong> (Objet Volant Non Identifi\u00e9 \/ Unidentified Aerial Phenomena\u00a0 ou Ph\u00e9nom\u00e8ne a\u00e9rien inconnu ou) et <strong>\u00ab ETC \u00bb<\/strong> (Extraterrestrial Civilizations Technologies ou Civilisations Technologies Extraterrestres ), je suis convaincu qu&rsquo;il est n\u00e9cessaire et urgent que l&rsquo;humanit\u00e9 puisse s&rsquo;affranchir au plus vite d&rsquo;un voile d&rsquo;obscurantisme et de d\u00e9sinformation sur le sujet et dossier en question afin qu&rsquo;elle puisse voir les faits, les \u00e9vidences, et ainsi aller de l&rsquo;avant, pour emprunter de nouvelles voies et franchir de nouvelles \u00e9tapes de son \u00e9volution.<\/p>\n<p>&nbsp;<\/p>\n<p>Interview de l&rsquo;auteur 2019 : Vence, un monde parall\u00e8le !<\/p>\n<p><a href=\"https:\/\/www.youtube.com\/watch?v=4H4r6BSCCQs&amp;feature=youtu.be\">https:\/\/www.youtube.com\/watch?v=4H4r6BSCCQs&amp;feature=youtu.be<\/a>[\/vc_column_text][vc_separator type=\u00a0\u00bbtransparent\u00a0\u00bb down=\u00a0\u00bb21&Prime; up=\u00a0\u00bb8&Prime;][\/vc_column_inner][vc_column_inner width=\u00a0\u00bb1\/2&Prime;][vc_single_image image=\u00a0\u00bb17611&Prime; img_size=\u00a0\u00bbfull\u00a0\u00bb alignment=\u00a0\u00bbcenter\u00a0\u00bb qode_css_animation=\u00a0\u00bbelement_from_right\u00a0\u00bb transition_delay=\u00a0\u00bb0.6&Prime;][vc_separator type=\u00a0\u00bbtransparent\u00a0\u00bb up=\u00a0\u00bb65&Prime; down=\u00a0\u00bb0&Prime;][\/vc_column_inner][\/vc_row_inner][\/vc_column][\/vc_row][vc_row css_animation=\u00a0\u00bb\u00a0\u00bb row_type=\u00a0\u00bbrow\u00a0\u00bb use_row_as_full_screen_section=\u00a0\u00bbno\u00a0\u00bb type=\u00a0\u00bbgrid\u00a0\u00bb angled_section=\u00a0\u00bbno\u00a0\u00bb text_align=\u00a0\u00bbleft\u00a0\u00bb background_image_as_pattern=\u00a0\u00bbwithout_pattern\u00a0\u00bb padding_top=\u00a0\u00bb81&Prime; padding_bottom=\u00a0\u00bb0&Prime; anchor=\u00a0\u00bbportfolio\u00a0\u00bb background_color=\u00a0\u00bb#ffffff\u00a0\u00bb border_color=\u00a0\u00bb#efefef\u00a0\u00bb][vc_column][vc_row_inner row_type=\u00a0\u00bbrow\u00a0\u00bb type=\u00a0\u00bbfull_width\u00a0\u00bb text_align=\u00a0\u00bbleft\u00a0\u00bb css_animation=\u00a0\u00bb\u00a0\u00bb][vc_column_inner width=\u00a0\u00bb1\/2&Prime;][vc_single_image image=\u00a0\u00bb17612&Prime; img_size=\u00a0\u00bbfull\u00a0\u00bb alignment=\u00a0\u00bbcenter\u00a0\u00bb qode_css_animation=\u00a0\u00bbelement_from_left\u00a0\u00bb transition_delay=\u00a0\u00bb0.3&Prime;][vc_separator type=\u00a0\u00bbtransparent\u00a0\u00bb up=\u00a0\u00bb65&Prime; down=\u00a0\u00bb0&Prime;][\/vc_column_inner][vc_column_inner width=\u00a0\u00bb1\/2&Prime;][vc_separator type=\u00a0\u00bbtransparent\u00a0\u00bb up=\u00a0\u00bb24&Prime; down=\u00a0\u00bb0&Prime;][vc_column_text]<\/p>\n<h3 style=\"text-align: left;\">THE PHENIX PROJECT<\/h3>\n<p>[\/vc_column_text][vc_separator type=\u00a0\u00bbtransparent\u00a0\u00bb down=\u00a0\u00bb10&Prime; up=\u00a0\u00bb3&Prime;][vc_column_text]Ayant v\u00e9cu de nombreuses aventures humaines, technologiques et scientifiques, aujourd\u2019hui, je parcours le monde afin de mener des enqu\u00eates factuelles sur le terrain et lieux \u00e0 hauts niveaux d\u2019activit\u00e9s exog\u00e8nes, qu\u2019elles soient extraterrestre, intraterrestre, interdimensionnelle, intertemporelle ou les quatre \u00e0 la fois\u00a0!<\/p>\n<p>Membre des <a href=\"https:\/\/www.3af.fr\" target=\"_blank\" rel=\"noopener noreferrer\">3AF <\/a>et des <a href=\"http:\/\/www.coldevence.net\/doku\/doku.php?id=start\">ICDV<\/a>, cette activit\u00e9 d\u2019enqu\u00eateur ufologique sur le terrain est fortement li\u00e9e \u00e0 celle d\u2019exopolitologue, d\u2019essayiste, d\u2019\u00e9crivain, de conf\u00e9rencier et de fondateur du Phenix Project, projet de nature internationale ayant comme objectif l\u2019\u00e9tude scientifique du sujet et dossier Ovni\/UAP dans sa partie propulsion et \u00e9nergies.<\/p>\n<p>&nbsp;<\/p>\n<p>Interview de l&rsquo;auteur par Flashespace :<\/p>\n<p><a href=\"http:\/\/www.thephenixproject.com\/download\/Interview_Flashespace_Fr.pdf\">http:\/\/www.thephenixproject.com\/download\/Interview_Flashespace_Fr.pdf<\/a>[\/vc_column_text][vc_separator type=\u00a0\u00bbtransparent\u00a0\u00bb down=\u00a0\u00bb21&Prime; up=\u00a0\u00bb8&Prime;][\/vc_column_inner][\/vc_row_inner][\/vc_column][\/vc_row][vc_row css_animation=\u00a0\u00bb\u00a0\u00bb row_type=\u00a0\u00bbrow\u00a0\u00bb use_row_as_full_screen_section=\u00a0\u00bbno\u00a0\u00bb type=\u00a0\u00bbgrid\u00a0\u00bb angled_section=\u00a0\u00bbno\u00a0\u00bb text_align=\u00a0\u00bbleft\u00a0\u00bb background_image_as_pattern=\u00a0\u00bbwithout_pattern\u00a0\u00bb padding_top=\u00a0\u00bb81&Prime; padding_bottom=\u00a0\u00bb0&Prime; anchor=\u00a0\u00bbportfolio\u00a0\u00bb background_color=\u00a0\u00bb#f9f9f9&Prime;][vc_column][vc_row_inner row_type=\u00a0\u00bbrow\u00a0\u00bb type=\u00a0\u00bbfull_width\u00a0\u00bb text_align=\u00a0\u00bbleft\u00a0\u00bb css_animation=\u00a0\u00bb\u00a0\u00bb][vc_column_inner width=\u00a0\u00bb1\/2&Prime;][vc_separator type=\u00a0\u00bbtransparent\u00a0\u00bb up=\u00a0\u00bb24&Prime; down=\u00a0\u00bb0&Prime;][vc_column_text]<\/p>\n<h3 style=\"text-align: left;\">LE SUJET ET DOSSIER UAPs &#8211; ETCs<\/h3>\n<p>[\/vc_column_text][vc_separator type=\u00a0\u00bbtransparent\u00a0\u00bb down=\u00a0\u00bb10&Prime; up=\u00a0\u00bb3&Prime;][vc_column_text]Ce site est un site corporate permettant de faire conna\u00eetre au plus grand nombre certaines activit\u00e9s, certains projets ayant comme d\u00e9nominateur commun le questionnement factuel dans le soucie d\u2019appr\u00e9hender au plus pr\u00e8s la v\u00e9rit\u00e9 concernant le sujet et dossier le plus strat\u00e9gique et le plus important qui soit sur cette plan\u00e8te pour le devenir proche de l\u2019ensemble de la civilisation humaine\u00a0: <strong>le sujet et dossier UAPs &#8211; ETCs !<\/strong><\/p>\n<p>&nbsp;<\/p>\n<p><strong>OVNI : Une affaire d&rsquo;\u00e9tats !<\/strong><\/p>\n<p><a href=\"https:\/\/tube.nuagelibre.fr\/videos\/watch\/b927cd2f-aecc-4136-a42b-e65c3ac211b9\" target=\"_blank\" rel=\"noopener\">https:\/\/tube.nuagelibre.fr\/videos\/watch\/b927cd2f-aecc-4136-a42b-e65c3ac211b9<\/a><\/p>\n<p>&nbsp;<\/p>\n<p><strong>Quelque chose nous observe&#8230;<\/strong><\/p>\n<p><a href=\"https:\/\/www.dailymotion.com\/video\/x8e7bn\" target=\"_blank\" rel=\"noopener\">https:\/\/www.dailymotion.com\/video\/x8e7bn<\/a><\/p>\n<p>&nbsp;<\/p>\n<p><strong>Papier Serge Tinland sur ResearchGate : UAPS &#8211; ECTs propositions d&rsquo;\u00e9tudes th\u00e9oriques et exp\u00e9rimentales 30 10 2021<\/strong><br \/>\n<a href=\"https:\/\/www.researchgate.net\/publication\/357435279_UAPs-ECTs-Propositions-de-pistes-de-recherche\" target=\"_blank\" rel=\"noopener noreferrer\">http:\/\/sergetinland.com\/wp-content\/uploads\/2021\/11\/Papier-Serge-Tinland-UAPS-ECTs-Propositions-de-pistes-de-recherche-30-10-2021.pdf<\/a>[\/vc_column_text][vc_separator type=\u00a0\u00bbtransparent\u00a0\u00bb down=\u00a0\u00bb21&Prime; up=\u00a0\u00bb8&Prime;][\/vc_column_inner][vc_column_inner width=\u00a0\u00bb1\/2&Prime;][vc_single_image image=\u00a0\u00bb17613&Prime; img_size=\u00a0\u00bbfull\u00a0\u00bb alignment=\u00a0\u00bbcenter\u00a0\u00bb qode_css_animation=\u00a0\u00bbelement_from_right\u00a0\u00bb transition_delay=\u00a0\u00bb0.6&Prime;][vc_separator type=\u00a0\u00bbtransparent\u00a0\u00bb up=\u00a0\u00bb65&Prime; down=\u00a0\u00bb0&Prime;][\/vc_column_inner][\/vc_row_inner][\/vc_column][\/vc_row][vc_row css_animation=\u00a0\u00bb\u00a0\u00bb row_type=\u00a0\u00bbrow\u00a0\u00bb use_row_as_full_screen_section=\u00a0\u00bbno\u00a0\u00bb type=\u00a0\u00bbgrid\u00a0\u00bb angled_section=\u00a0\u00bbno\u00a0\u00bb text_align=\u00a0\u00bbleft\u00a0\u00bb background_image_as_pattern=\u00a0\u00bbwithout_pattern\u00a0\u00bb padding_top=\u00a0\u00bb81&Prime; padding_bottom=\u00a0\u00bb0&Prime; anchor=\u00a0\u00bbportfolio\u00a0\u00bb background_color=\u00a0\u00bb#ffffff\u00a0\u00bb border_color=\u00a0\u00bb#efefef\u00a0\u00bb][vc_column][vc_row_inner row_type=\u00a0\u00bbrow\u00a0\u00bb type=\u00a0\u00bbfull_width\u00a0\u00bb text_align=\u00a0\u00bbleft\u00a0\u00bb css_animation=\u00a0\u00bb\u00a0\u00bb][vc_column_inner width=\u00a0\u00bb1\/2&Prime;][vc_single_image image=\u00a0\u00bb17238&Prime; img_size=\u00a0\u00bbfull\u00a0\u00bb alignment=\u00a0\u00bbcenter\u00a0\u00bb qode_css_animation=\u00a0\u00bbelement_from_left\u00a0\u00bb transition_delay=\u00a0\u00bb0.3&Prime;][vc_separator type=\u00a0\u00bbtransparent\u00a0\u00bb up=\u00a0\u00bb65&Prime; down=\u00a0\u00bb0&Prime;][\/vc_column_inner][vc_column_inner width=\u00a0\u00bb1\/2&Prime;][vc_separator type=\u00a0\u00bbtransparent\u00a0\u00bb up=\u00a0\u00bb24&Prime; down=\u00a0\u00bb0&Prime;][vc_column_text]<\/p>\n<h3 style=\"text-align: left;\">MAIS AUSSI\u2026CITOYEN DU MONDE<\/h3>\n<p>[\/vc_column_text][vc_separator type=\u00a0\u00bbtransparent\u00a0\u00bb down=\u00a0\u00bb10&Prime; up=\u00a0\u00bb3&Prime;][vc_column_text]<strong>Prenez les armes d\u2019un vote humaniste pour une d\u00e9mocratie participative bas\u00e9e sur l\u2019\u00e9conomie sociale et solidaire !<\/strong><\/p>\n<p><strong>Plus nationale alternative, un nouveau projet de soci\u00e9t\u00e9 pour la construction d&rsquo;un monde libre.<\/strong><\/p>\n<p><strong>Les \u00e9lites sont devenues folles\u2026. Il est temps que le pouvoir revienne au peuple !<\/strong><\/p>\n<p>Tous les citoyens de France sont invit\u00e9s \u00e0 donner leur avis sur les d\u00e9cisions \u00e0 prendre pour la vie sociale et \u00e9conomique du pays. Ce n\u2019est pas la r\u00e8gle de la majorit\u00e9 absolue qui doit \u00eatre appr\u00eat\u00e9e. La gouvernance en place de cette nouvelle d\u00e9mocratie estivale estime que l\u2019accord des citoyens doit \u00eatre au minimum \u00e9gal \u00e0 80% pour \u00eatre repr\u00e9sentatif du sentiment de la population fran\u00e7aise. Toutes les d\u00e9cisions strat\u00e9giques et essentielles sur le devenir de la population fran\u00e7aise et de la France doivent \u00eatre communes !<\/p>\n<p><strong>Si nous ne faisons rien\u2026 si nous baissons les bras\u2026 nos enfants nous accuseront\u2026! Alors honte \u00e0 nous, honte \u00e0 nous tous\u2026!<\/strong><\/p>\n<p>&nbsp;<\/p>\n<p>Serge Tinland 2027 : <a href=\"https:\/\/www.sergetinland2027.fr\/?fbclid=IwAR3TWDNp7oF2GEuf8gKLZG0BLi2HROfbFuYqpJisnNJjnpoIO7hCHh6CvtI\">http:\/\/www.sergetinland2027.fr<\/a><\/p>\n<p>&nbsp;<\/p>\n<p>Merci de votre visite et attention,<br \/>\n<strong>Serge Tinland<\/strong>[\/vc_column_text][vc_separator type=\u00a0\u00bbtransparent\u00a0\u00bb down=\u00a0\u00bb21&Prime; up=\u00a0\u00bb8&Prime;]<a  itemprop=\"url\" href=\"http:\/\/sergetinland.com\/wp-content\/uploads\/2020\/03\/Serge-Tinland_biography_FR.pdf\" target=\"_blank\"  class=\"qbutton  default\" style=\"\">BIOGRAPHIE<\/a>[vc_separator type=\u00a0\u00bbtransparent\u00a0\u00bb down=\u00a0\u00bb21&Prime; up=\u00a0\u00bb8&Prime;][\/vc_column_inner][\/vc_row_inner][\/vc_column][\/vc_row][vc_row css_animation=\u00a0\u00bb\u00a0\u00bb row_type=\u00a0\u00bbrow\u00a0\u00bb use_row_as_full_screen_section=\u00a0\u00bbno\u00a0\u00bb type=\u00a0\u00bbgrid\u00a0\u00bb angled_section=\u00a0\u00bbno\u00a0\u00bb text_align=\u00a0\u00bbleft\u00a0\u00bb background_image_as_pattern=\u00a0\u00bbwithout_pattern\u00a0\u00bb background_color=\u00a0\u00bb#95ba00&Prime;][vc_column][vc_row_inner row_type=\u00a0\u00bbrow\u00a0\u00bb type=\u00a0\u00bbfull_width\u00a0\u00bb text_align=\u00a0\u00bbcenter\u00a0\u00bb css_animation=\u00a0\u00bb\u00a0\u00bb padding=\u00a0\u00bb5&Prime;][vc_column_inner width=\u00a0\u00bb3\/4&Prime;][vc_separator type=\u00a0\u00bbtransparent\u00a0\u00bb up=\u00a0\u00bb46&Prime; down=\u00a0\u00bb0&Prime;][vc_column_text]<\/p>\n<h4><span style=\"color: #ffffff;\">\u00ab II est urgent que l\u2019humanite avance sur de nouvelles voies et franchisse de nouvelles etapes de son evolution \u00bb<\/span><\/h4>\n<p>[\/vc_column_text][\/vc_column_inner][vc_column_inner width=\u00a0\u00bb1\/4&Prime;][vc_separator type=\u00a0\u00bbtransparent\u00a0\u00bb up=\u00a0\u00bb38&Prime; down=\u00a0\u00bb0&Prime;]<a  itemprop=\"url\" href=\"http:\/\/sergetinland.com\/fr\/the-phenix-project\/\" target=\"_self\" data-hover-background-color=#f9f9f9 data-hover-border-color=#f9f9f9 data-hover-color=#000000 class=\"qbutton  default\" style=\"color: #000000; border-color: #ffffff; background-color: #ffffff;\">THE PHENIX PROJECT<\/a>[vc_separator type=\u00a0\u00bbtransparent\u00a0\u00bb up=\u00a0\u00bb42&Prime; down=\u00a0\u00bb0&Prime;][\/vc_column_inner][\/vc_row_inner][\/vc_column][\/vc_row]<\/p>\n","protected":false},"excerpt":{"rendered":"<p>[vc_row css_animation=\u00a0\u00bb\u00a0\u00bb row_type=\u00a0\u00bbrow\u00a0\u00bb use_row_as_full_screen_section=\u00a0\u00bbno\u00a0\u00bb type=\u00a0\u00bbgrid\u00a0\u00bb angled_section=\u00a0\u00bbno\u00a0\u00bb text_align=\u00a0\u00bbleft\u00a0\u00bb background_image_as_pattern=\u00a0\u00bbwithout_pattern\u00a0\u00bb padding_top=\u00a0\u00bb91&Prime; padding_bottom=\u00a0\u00bb0&Prime; anchor=\u00a0\u00bbportfolio\u00a0\u00bb background_color=\u00a0\u00bb#ffffff\u00a0\u00bb border_color=\u00a0\u00bb#efefef\u00a0\u00bb][vc_column][vc_row_inner row_type=\u00a0\u00bbrow\u00a0\u00bb type=\u00a0\u00bbfull_width\u00a0\u00bb text_align=\u00a0\u00bbleft\u00a0\u00bb css_animation=\u00a0\u00bb\u00a0\u00bb][vc_column_inner width=\u00a0\u00bb1\/2&Prime;][vc_single_image image=\u00a0\u00bb17609&Prime; img_size=\u00a0\u00bbfull\u00a0\u00bb qode_css_animation=\u00a0\u00bbelement_from_left\u00a0\u00bb transition_delay=\u00a0\u00bb0.3&Prime;][vc_separator type=\u00a0\u00bbtransparent\u00a0\u00bb up=\u00a0\u00bb65&Prime; down=\u00a0\u00bb0&Prime;][\/vc_column_inner][vc_column_inner width=\u00a0\u00bb1\/2&Prime;][vc_separator type=\u00a0\u00bbtransparent\u00a0\u00bb up=\u00a0\u00bb24&Prime; down=\u00a0\u00bb0&Prime;][vc_column_text] BIENVENUE SUR LE SITE DE SERGE TINLAND [\/vc_column_text][vc_separator type=\u00a0\u00bbsmall\u00a0\u00bb position=\u00a0\u00bbleft\u00a0\u00bb down=\u00a0\u00bb33&Prime; up=\u00a0\u00bb13&Prime; color=\u00a0\u00bb#818181&Prime;][vc_column_text]N\u00e9 en 1962 dans&#8230;<\/p>\n","protected":false},"author":1,"featured_media":0,"parent":0,"menu_order":2,"comment_status":"open","ping_status":"closed","template":"full_width.php","meta":[],"_links":{"self":[{"href":"https:\/\/sergetinland.com\/fr\/wp-json\/wp\/v2\/pages\/17286"}],"collection":[{"href":"https:\/\/sergetinland.com\/fr\/wp-json\/wp\/v2\/pages"}],"about":[{"href":"https:\/\/sergetinland.com\/fr\/wp-json\/wp\/v2\/types\/page"}],"author":[{"embeddable":true,"href":"https:\/\/sergetinland.com\/fr\/wp-json\/wp\/v2\/users\/1"}],"replies":[{"embeddable":true,"href":"https:\/\/sergetinland.com\/fr\/wp-json\/wp\/v2\/comments?post=17286"}],"version-history":[{"count":40,"href":"https:\/\/sergetinland.com\/fr\/wp-json\/wp\/v2\/pages\/17286\/revisions"}],"predecessor-version":[{"id":17754,"href":"https:\/\/sergetinland.com\/fr\/wp-json\/wp\/v2\/pages\/17286\/revisions\/17754"}],"wp:attachment":[{"href":"https:\/\/sergetinland.com\/fr\/wp-json\/wp\/v2\/media?parent=17286"}],"curies":[{"name":"wp","href":"https:\/\/api.w.org\/{rel}","templated":true}]}}