{"id":17292,"date":"2019-08-13T05:14:54","date_gmt":"2019-08-13T03:14:54","guid":{"rendered":"http:\/\/sergetinland.com\/?page_id=17292"},"modified":"2024-05-05T23:29:10","modified_gmt":"2024-05-05T21:29:10","slug":"the-phenix-project","status":"publish","type":"page","link":"https:\/\/sergetinland.com\/fr\/the-phenix-project\/","title":{"rendered":"The Phenix Project"},"content":{"rendered":"<p>[vc_row css_animation=\u00a0\u00bb\u00a0\u00bb row_type=\u00a0\u00bbrow\u00a0\u00bb use_row_as_full_screen_section=\u00a0\u00bbno\u00a0\u00bb type=\u00a0\u00bbgrid\u00a0\u00bb angled_section=\u00a0\u00bbno\u00a0\u00bb text_align=\u00a0\u00bbleft\u00a0\u00bb background_image_as_pattern=\u00a0\u00bbwithout_pattern\u00a0\u00bb padding_top=\u00a0\u00bb80&Prime; padding_bottom=\u00a0\u00bb0&Prime; anchor=\u00a0\u00bbportfolio\u00a0\u00bb background_color=\u00a0\u00bb#ffffff\u00a0\u00bb border_color=\u00a0\u00bb#eeeeee\u00a0\u00bb][vc_column][vc_row_inner row_type=\u00a0\u00bbrow\u00a0\u00bb type=\u00a0\u00bbfull_width\u00a0\u00bb text_align=\u00a0\u00bbleft\u00a0\u00bb css_animation=\u00a0\u00bb\u00a0\u00bb][vc_column_inner width=\u00a0\u00bb1\/4&Prime;][vc_single_image image=\u00a0\u00bb17433&Prime; img_size=\u00a0\u00bbfull\u00a0\u00bb alignment=\u00a0\u00bbcenter\u00a0\u00bb onclick=\u00a0\u00bbcustom_link\u00a0\u00bb img_link_target=\u00a0\u00bb_blank\u00a0\u00bb qode_css_animation=\u00a0\u00bbelement_from_fade\u00a0\u00bb transition_delay=\u00a0\u00bb0.2&Prime; link=\u00a0\u00bbhttps:\/\/www.thephenixproject.com\/fr\/Default.htm\u00a0\u00bb][vc_separator type=\u00a0\u00bbtransparent\u00a0\u00bb up=\u00a0\u00bb79&Prime; down=\u00a0\u00bb0&Prime;][\/vc_column_inner][vc_column_inner width=\u00a0\u00bb3\/4&Prime;][vc_column_text]<\/p>\n<h2 style=\"text-align: left;\"><strong>PRESENTATION<\/strong><\/h2>\n<p>[\/vc_column_text][vc_separator type=\u00a0\u00bbsmall\u00a0\u00bb position=\u00a0\u00bbleft\u00a0\u00bb down=\u00a0\u00bb33&Prime; up=\u00a0\u00bb13&Prime; color=\u00a0\u00bb#818181&Prime;][vc_column_text]Le dossier OVNI, UFO et autre PAN, a depuis des d\u00e9cennies voir des si\u00e8cles, entretenu \u00e0 la fois l\u2019imagination, la cr\u00e9dulit\u00e9, la m\u00e9fiance et l\u2019int\u00e9r\u00eat d\u2019une partie non n\u00e9gligeable de la population humaine.<\/p>\n<p>Aujourd\u2019hui il semble, suite \u00e0 une montagne de faits plus \u00e9tonnants les uns que les autres, que ce dossier soit \u00ab\u00a0le dossier\u00a0\u00bb le plus important d\u2019un point de vue scientifique que le monde n\u2019ait jamais eu \u00e0 sa port\u00e9e. Pour avoir une chance de percer ne serait-ce qu\u2019une infime partie de son myst\u00e8re, il va falloir abandonner nos certitudes sur ce que l\u2019on pensait possible ou pas. Il est donc urgent d\u2019imaginer et mettre en \u0153uvre sur le terrain des moyens qui n\u2019ont pas encore \u00e9t\u00e9 d\u00e9ploy\u00e9s d\u2019une fa\u00e7on officielle, et ce, afin d\u2019avoir peut-\u00eatre une chance d\u2019approcher au plus pr\u00e8s cette \u00ab\u00a0v\u00e9rit\u00e9\u00a0\u00bb qui semble se cacher au travers d\u2019un ph\u00e9nom\u00e8ne aussi troublant qu\u2019insaisissable, pour le moment\u2026\u00a0!<\/p>\n<p><strong>The Phenix Project, <\/strong>projet fran\u00e7ais de nature internationale, a \u00e9t\u00e9 pens\u00e9 en ce sens pour essayer de r\u00e9pondre \u00e0 certaines questions que pose ce dossier et aboutir \u00e0 des d\u00e9couvertes, notamment dans les domaines des hautes \u00e9nergies, permettant un avenir meilleur \u00e0 l\u2019ensemble de l\u2019humanit\u00e9.<\/p>\n<p>&nbsp;<\/p>\n<p>Interview de l&rsquo;auteur par Flashespace :<\/p>\n<p><a href=\"http:\/\/www.thephenixproject.com\/download\/Interview_Flashespace_Fr.pdf\">http:\/\/www.thephenixproject.com\/download\/Interview_Flashespace_Fr.pdf<\/a>[\/vc_column_text][vc_separator type=\u00a0\u00bbtransparent\u00a0\u00bb up=\u00a0\u00bb79&Prime; down=\u00a0\u00bb0&Prime;][\/vc_column_inner][\/vc_row_inner][\/vc_column][\/vc_row][vc_row css_animation=\u00a0\u00bb\u00a0\u00bb row_type=\u00a0\u00bbrow\u00a0\u00bb use_row_as_full_screen_section=\u00a0\u00bbno\u00a0\u00bb type=\u00a0\u00bbgrid\u00a0\u00bb angled_section=\u00a0\u00bbno\u00a0\u00bb text_align=\u00a0\u00bbleft\u00a0\u00bb background_image_as_pattern=\u00a0\u00bbwithout_pattern\u00a0\u00bb padding_top=\u00a0\u00bb80&Prime; padding_bottom=\u00a0\u00bb0&Prime; anchor=\u00a0\u00bbportfolio\u00a0\u00bb background_color=\u00a0\u00bb#f8f8f8&Prime; border_color=\u00a0\u00bb#eeeeee\u00a0\u00bb][vc_column][vc_row_inner row_type=\u00a0\u00bbrow\u00a0\u00bb type=\u00a0\u00bbfull_width\u00a0\u00bb text_align=\u00a0\u00bbleft\u00a0\u00bb css_animation=\u00a0\u00bb\u00a0\u00bb][vc_column_inner width=\u00a0\u00bb1\/4&Prime;][vc_column_text]<\/p>\n<h2 style=\"text-align: left;\"><strong>INTRODUCTION :<br \/>\nQUELQUE CHOSE NOUS OBSERVE\u2026<\/strong><\/h2>\n<p>[\/vc_column_text][vc_separator type=\u00a0\u00bbsmall\u00a0\u00bb position=\u00a0\u00bbleft\u00a0\u00bb down=\u00a0\u00bb33&Prime; up=\u00a0\u00bb13&Prime; color=\u00a0\u00bb#818181&Prime;][\/vc_column_inner][vc_column_inner width=\u00a0\u00bb3\/4&Prime;][vc_video link=\u00a0\u00bbhttps:\/\/www.dailymotion.com\/video\/x8e7bn\u00a0\u00bb][vc_separator type=\u00a0\u00bbtransparent\u00a0\u00bb up=\u00a0\u00bb79&Prime; down=\u00a0\u00bb0&Prime;][\/vc_column_inner][\/vc_row_inner][\/vc_column][\/vc_row][vc_row css_animation=\u00a0\u00bb\u00a0\u00bb row_type=\u00a0\u00bbrow\u00a0\u00bb use_row_as_full_screen_section=\u00a0\u00bbno\u00a0\u00bb type=\u00a0\u00bbgrid\u00a0\u00bb angled_section=\u00a0\u00bbno\u00a0\u00bb text_align=\u00a0\u00bbleft\u00a0\u00bb background_image_as_pattern=\u00a0\u00bbwithout_pattern\u00a0\u00bb padding_top=\u00a0\u00bb80&Prime; padding_bottom=\u00a0\u00bb0&Prime; anchor=\u00a0\u00bbportfolio\u00a0\u00bb background_color=\u00a0\u00bb#ffffff\u00a0\u00bb border_color=\u00a0\u00bb#eeeeee\u00a0\u00bb][vc_column][vc_row_inner row_type=\u00a0\u00bbrow\u00a0\u00bb type=\u00a0\u00bbfull_width\u00a0\u00bb text_align=\u00a0\u00bbleft\u00a0\u00bb css_animation=\u00a0\u00bb\u00a0\u00bb][vc_column_inner width=\u00a0\u00bb1\/4&Prime;][vc_single_image image=\u00a0\u00bb16586&Prime; img_size=\u00a0\u00bbfull\u00a0\u00bb alignment=\u00a0\u00bbcenter\u00a0\u00bb qode_css_animation=\u00a0\u00bbelement_from_fade\u00a0\u00bb transition_delay=\u00a0\u00bb0.2&Prime;][vc_separator type=\u00a0\u00bbtransparent\u00a0\u00bb up=\u00a0\u00bb79&Prime; down=\u00a0\u00bb0&Prime;][\/vc_column_inner][vc_column_inner width=\u00a0\u00bb3\/4&Prime;][vc_column_text]<\/p>\n<h2 style=\"text-align: left;\"><strong>OBJECTIFS<\/strong><\/h2>\n<p>[\/vc_column_text][vc_separator type=\u00a0\u00bbsmall\u00a0\u00bb position=\u00a0\u00bbleft\u00a0\u00bb down=\u00a0\u00bb33&Prime; up=\u00a0\u00bb13&Prime; color=\u00a0\u00bb#818181&Prime;][vc_column_text]<strong>LA RECHERCHE ET LA DECOUVERTE D&rsquo;UNE NOUVELLE SOURCE ET FORME D&rsquo;ENERGIE<\/strong> : Un enjeu \u00e9conomique strat\u00e9gique pour la soci\u00e9t\u00e9 marchande plan\u00e9taire&#8230; Un enjeu vital pour le devenir de la soci\u00e9t\u00e9 humaine et de notre plan\u00e8te, la Terre ![\/vc_column_text][vc_separator type=\u00a0\u00bbtransparent\u00a0\u00bb up=\u00a0\u00bb79&Prime; down=\u00a0\u00bb0&Prime;][\/vc_column_inner][\/vc_row_inner][\/vc_column][\/vc_row][vc_row css_animation=\u00a0\u00bb\u00a0\u00bb row_type=\u00a0\u00bbrow\u00a0\u00bb use_row_as_full_screen_section=\u00a0\u00bbno\u00a0\u00bb type=\u00a0\u00bbgrid\u00a0\u00bb angled_section=\u00a0\u00bbno\u00a0\u00bb text_align=\u00a0\u00bbleft\u00a0\u00bb background_image_as_pattern=\u00a0\u00bbwithout_pattern\u00a0\u00bb padding_top=\u00a0\u00bb80&Prime; padding_bottom=\u00a0\u00bb0&Prime; anchor=\u00a0\u00bbportfolio\u00a0\u00bb background_color=\u00a0\u00bb#f8f8f8&Prime; border_color=\u00a0\u00bb#eeeeee\u00a0\u00bb][vc_column][vc_row_inner row_type=\u00a0\u00bbrow\u00a0\u00bb type=\u00a0\u00bbfull_width\u00a0\u00bb text_align=\u00a0\u00bbleft\u00a0\u00bb css_animation=\u00a0\u00bb\u00a0\u00bb][vc_column_inner width=\u00a0\u00bb2\/3&Prime;][vc_column_text]<\/p>\n<h2 style=\"text-align: left;\"><strong>MOYENS<\/strong><\/h2>\n<p>[\/vc_column_text][vc_separator type=\u00a0\u00bbsmall\u00a0\u00bb position=\u00a0\u00bbleft\u00a0\u00bb down=\u00a0\u00bb33&Prime; up=\u00a0\u00bb13&Prime; color=\u00a0\u00bb#818181&Prime;][vc_column_text]En ouvrant une Fondation de recherche officielle dot\u00e9e d\u2019une ou plusieurs unit\u00e9s mixtes de recherche (UMR) pour tenter de d\u00e9couvrir certains pans de \u00abv\u00e9rit\u00e9\u00a0strat\u00e9gique\u00bb sur le dossier UFO.[\/vc_column_text][vc_separator type=\u00a0\u00bbtransparent\u00a0\u00bb up=\u00a0\u00bb79&Prime; down=\u00a0\u00bb0&Prime;][\/vc_column_inner][vc_column_inner width=\u00a0\u00bb1\/3&Prime;][vc_single_image image=\u00a0\u00bb16590&Prime; img_size=\u00a0\u00bbfull\u00a0\u00bb alignment=\u00a0\u00bbcenter\u00a0\u00bb qode_css_animation=\u00a0\u00bbelement_from_fade\u00a0\u00bb transition_delay=\u00a0\u00bb0.4&Prime;][vc_separator type=\u00a0\u00bbtransparent\u00a0\u00bb up=\u00a0\u00bb79&Prime; down=\u00a0\u00bb0&Prime;][\/vc_column_inner][\/vc_row_inner][\/vc_column][\/vc_row][vc_row css_animation=\u00a0\u00bb\u00a0\u00bb row_type=\u00a0\u00bbrow\u00a0\u00bb use_row_as_full_screen_section=\u00a0\u00bbno\u00a0\u00bb type=\u00a0\u00bbgrid\u00a0\u00bb angled_section=\u00a0\u00bbno\u00a0\u00bb text_align=\u00a0\u00bbleft\u00a0\u00bb background_image_as_pattern=\u00a0\u00bbwithout_pattern\u00a0\u00bb padding_top=\u00a0\u00bb80&Prime; padding_bottom=\u00a0\u00bb0&Prime; anchor=\u00a0\u00bbportfolio\u00a0\u00bb background_color=\u00a0\u00bb#ffffff\u00a0\u00bb][vc_column][vc_row_inner row_type=\u00a0\u00bbrow\u00a0\u00bb type=\u00a0\u00bbfull_width\u00a0\u00bb text_align=\u00a0\u00bbleft\u00a0\u00bb css_animation=\u00a0\u00bb\u00a0\u00bb][vc_column_inner width=\u00a0\u00bb1\/4&Prime;][vc_single_image image=\u00a0\u00bb16588&Prime; img_size=\u00a0\u00bbfull\u00a0\u00bb alignment=\u00a0\u00bbcenter\u00a0\u00bb qode_css_animation=\u00a0\u00bbelement_from_fade\u00a0\u00bb transition_delay=\u00a0\u00bb0.2&Prime;][vc_separator type=\u00a0\u00bbtransparent\u00a0\u00bb up=\u00a0\u00bb79&Prime; down=\u00a0\u00bb0&Prime;][\/vc_column_inner][vc_column_inner width=\u00a0\u00bb3\/4&Prime;][vc_column_text]<\/p>\n<h2 style=\"text-align: left;\"><strong>LES DONNEES DE BASE<\/strong><\/h2>\n<p>[\/vc_column_text][vc_separator type=\u00a0\u00bbsmall\u00a0\u00bb position=\u00a0\u00bbleft\u00a0\u00bb down=\u00a0\u00bb33&Prime; up=\u00a0\u00bb13&Prime; color=\u00a0\u00bb#818181&Prime;][vc_column_text]Nous sommes actuellement plus de sept milliards d\u2019\u00eatres humains (pr\u00e8s de 10 milliards \u00e0 l\u2019horizon 2050\u2026) qui demain matin vont venir r\u00e9clamer encore plus d\u2019\u00e9nergie pour leur confort et d\u00e9veloppement. Mais r\u00e9ellement, cette \u00e9nergie, en dehors des \u00e9nergies fossiles (charbon, gaz, p\u00e9trole) dont il ne nous reste qu\u2019\u00e0 peine 200 ans pour le charbon, 65 ans pour le gaz et seulement entre 30 et 40 ans pour le p\u00e9trole !&#8230;<strong>O\u00f9 allons-nous la trouver ?<\/strong><\/p>\n<p><strong>\u00a0<\/strong><\/p>\n<p>Depuis le XIXe si\u00e8cle, les hydrocarbures ont tr\u00e8s fortement contribu\u00e9 au d\u00e9veloppement et \u00e0 l&rsquo;\u00e9volution des soci\u00e9t\u00e9s marchandes et humaines. Le p\u00e9trole, m\u00eame employ\u00e9 en petites quantit\u00e9s, fournit une \u00e9nergie suffisante pour faire tourner les moteurs des v\u00e9hicules et des machines. Toujours associ\u00e9 au p\u00e9trole dans les gisements d&rsquo;hydrocarbures, le gaz naturel est lui aussi un combustible tr\u00e8s \u00e9nerg\u00e9tique.<\/p>\n<p>Cependant, la d\u00e9pendance sans cesse croissante des soci\u00e9t\u00e9s modernes et \u00e9mergentes par rapport au p\u00e9trole, gaz et charbon est devenue aujourd&rsquo;hui un des plus grands d\u00e9fis qu\u2019il nous faut affronter, en plus de celui de l\u2019acc\u00e8s pour tous \u00e0 la nutrition, \u00e0 l\u2019eau potable et \u00e0 la sant\u00e9.<\/p>\n<p><strong>Face \u00e0 la rar\u00e9faction des gisements d&rsquo;hydrocarbures exploitables, devant la n\u00e9cessit\u00e9 de lutter contre le r\u00e9chauffement climatique et autres maux venant frapper \u00e0 nos portes, des solutions doivent absolument \u00eatre trouv\u00e9es au plus t\u00f4t, au maximum dans les 10 \u00e0 30 prochaines ann\u00e9es : s\u2019il s&rsquo;agit par exemple d&rsquo;utiliser plus efficacement l&rsquo;\u00e9nergie disponible et d&#8217;employer davantage les sources d&rsquo;\u00e9nergie renouvelables, en compl\u00e9ment des hydrocarbures, c\u2019est un d\u00e9but, mais absolument non suffisant, tant dans son efficacit\u00e9 pour la soci\u00e9t\u00e9 humaine que dans sa rentabilit\u00e9 pour la soci\u00e9t\u00e9 marchande.<\/strong><\/p>\n<p><strong>\u00a0<\/strong><\/p>\n<p>Il existe une autre alternative pour l\u2019humanit\u00e9 et la plan\u00e8te Terre de faire face \u00e0 ce d\u00e9fi de la transition \u00e9nerg\u00e9tique et de l\u2019\u00e9nergie de demain !<\/p>\n<p><strong>La r\u00e9ponse \u00e0 cet enjeu pour les deux parties, la soci\u00e9t\u00e9 humaine et la soci\u00e9t\u00e9 marchande plan\u00e9taire s\u2019est toujours trouv\u00e9e sous nos yeux, au sein d\u2019un dossier que l\u2019humanit\u00e9 tout enti\u00e8re \u00e0 connaissance, mais non consciente \u00e0 ce jour de l\u2019importance strat\u00e9gique globale de celui-ci :<\/strong><\/p>\n<p>Le dossier OVNI (objet volant non identifi\u00e9) ![\/vc_column_text][vc_separator type=\u00a0\u00bbtransparent\u00a0\u00bb up=\u00a0\u00bb79&Prime; down=\u00a0\u00bb0&Prime;][\/vc_column_inner][\/vc_row_inner][\/vc_column][\/vc_row][vc_row css_animation=\u00a0\u00bb\u00a0\u00bb row_type=\u00a0\u00bbrow\u00a0\u00bb use_row_as_full_screen_section=\u00a0\u00bbno\u00a0\u00bb type=\u00a0\u00bbgrid\u00a0\u00bb angled_section=\u00a0\u00bbno\u00a0\u00bb text_align=\u00a0\u00bbleft\u00a0\u00bb background_image_as_pattern=\u00a0\u00bbwithout_pattern\u00a0\u00bb padding_top=\u00a0\u00bb80&Prime; padding_bottom=\u00a0\u00bb0&Prime; anchor=\u00a0\u00bbportfolio\u00a0\u00bb background_color=\u00a0\u00bb#f8f8f8&Prime; border_color=\u00a0\u00bb#eeeeee\u00a0\u00bb][vc_column][vc_row_inner row_type=\u00a0\u00bbrow\u00a0\u00bb type=\u00a0\u00bbfull_width\u00a0\u00bb text_align=\u00a0\u00bbleft\u00a0\u00bb css_animation=\u00a0\u00bb\u00a0\u00bb][vc_column_inner width=\u00a0\u00bb2\/3&Prime;][vc_column_text]<\/p>\n<h2 style=\"text-align: left;\"><strong>POURQUOI ?<\/strong><\/h2>\n<p>[\/vc_column_text][vc_separator type=\u00a0\u00bbsmall\u00a0\u00bb position=\u00a0\u00bbleft\u00a0\u00bb down=\u00a0\u00bb33&Prime; up=\u00a0\u00bb13&Prime; color=\u00a0\u00bb#818181&Prime;][vc_column_text]<strong>Parce que la science qui est impliqu\u00e9e dans la production d\u2019\u00e9nergie n\u00e9cessaire aux extraordinaires performances a\u00e9rodynamiques de ces \u00ab objets \u00bb d\u00e9passe actuellement tout ce que nous connaissons \u00ab officiellement \u00bb sur Terre. Et c\u2019est de cette science dont nous avons besoin pour le d\u00e9veloppement de nouvelles formes et sources d\u2019\u00e9nergie afin de permettre une modification radicale du paradigme actuel, et ce, dans tous les domaines de la soci\u00e9t\u00e9 marchande et humaine !<\/strong><strong><br \/>\n<\/strong><br \/>\nLe champ des possibles est immense, inimaginable, en passant par la recherche, la d\u00e9couverte et l\u2019exploitation des \u00e9nergies utilis\u00e9es au sein de ces \u00ab <strong>OVNIs<\/strong> \u00bb !<\/p>\n<p>En janvier 2011 s&rsquo;est tenu \u00e0 Riyad, en Arabie Saoudite, le 5\u00e8me Forum annuel \u00ab <strong>Global Competitiveness<\/strong> \u00bb.<\/p>\n<p>L&rsquo;ensemble de la soci\u00e9t\u00e9 marchande mondiale pr\u00e9sente a ouvert pour la premi\u00e8re fois au monde une conf\u00e9rence et un d\u00e9bat intitul\u00e9 \u00ab Contact : <strong>Learning from Outer Space \u00bb;<\/strong> preuve de l&rsquo;importance et de l&rsquo;enjeu strat\u00e9gique que peut porter ce sujet et dossier, notamment dans le cadre du seul regard de la recherche de nouvelles formes et sources d&rsquo;\u00e9nergie !<\/p>\n<p>Fort de ces derni\u00e8res avanc\u00e9es, tant au niveau scientifique que g\u00e9opolitique, le Projet Phenix, entreprise \u00e0 vocation internationale, propose avec le soutien de ses partenaires, une d\u00e9marche totalement pionni\u00e8re, \u00e0 savoir, de concentrer ses travaux sur la surface du globe en se basant simultan\u00e9ment sur le protocole <strong>SETV<\/strong> (Recherche de Sondes Extra-terrestres dans le Syst\u00e8me Solaire ou la Terre) et sur un programme de type <strong>SETA <\/strong>(Recherche d&rsquo;Artefacts Extra-terrestres). Il s\u2019agit plus pr\u00e9cis\u00e9ment de compl\u00e9ter les recherches classiques et a\u0300 pr\u00e9sent rod\u00e9es de type <strong>SETI <\/strong>(Search for Extra-Terrestrial Intelligence : <a href=\"https:\/\/arxiv.org\/ftp\/arxiv\/papers\/2011\/2011.06090.pdf\">https:\/\/arxiv.org\/ftp\/arxiv\/papers\/2011\/2011.06090.pdf<\/a>), ouvertes sur le cosmos, par un travail \u00e0 la fois in situ a\u0300 la recherche d\u2019artefacts technologiques potentiellement pr\u00e9sents au sein des couches arch\u00e9ologiques et g\u00e9ologiques de notre plan\u00e8te, et un travail en laboratoire afin de d\u00e9velopper de nouvelles th\u00e9ories, de nouveaux concepts fondamentaux et appliqu\u00e9s en physique des hautes \u00e9nergies directement li\u00e9es \u00e0 l\u2019\u00e9tude du dossier OVNI (Objet Volant Non Identifi\u00e9), et plus particuli\u00e8rement \u00e0 la propulsion de ceux-ci.<\/p>\n<p>Cette recherche proactive et novatrice <strong>SETAV<\/strong> (Recherche d&rsquo;Artefacts et de Sondes Extraterrestres dans le Syst\u00e8me Solaire) \u00e9troitement li\u00e9e au dossier technico-scientifique OVNI, octroie aux chercheurs du Phenix Project, une vision pluridisciplinaire et les places aux avant-postes de d\u00e9couvertes aux potentiels totalement inattendus aux yeux du monde scientifique, industriel, \u00e9conomique, politique et social actuel.<\/p>\n<p>Cette orientation nouvelle li\u00e9e \u00e0 la r\u00e9tro-intellectualisation et la r\u00e9tro-ing\u00e9nierie, fait du Phenix Project un programme r\u00e9solument novateur qui compl\u00e8te parfaitement, gr\u00e2ce a\u0300 une double action proactive en laboratoire et sur le terrain, l\u2019\u00e9difice d\u00e9j\u00e0\u0300 solide de la qu\u00eate de la vie intelligente extraterrestre et de ce que celle-ci peut apporter \u00e0 l\u2019humanit\u00e9 tout enti\u00e8re et terme de modification profonde des syst\u00e8mes et structures pour une nouvelle voie de son \u00e9volution !<\/p>\n<p>La Fondation sera bas\u00e9e, en r\u00e9gime de croisi\u00e8re, sur trente d\u00e9partements sp\u00e9cialis\u00e9s types UMR (Unit\u00e9 Mixte de Recherche), ayant \u00e0 leurs t\u00eates plusieurs laboratoires afin de pouvoir aboutir dans cette recherche de nouvelles sources et formes d\u2019\u00e9nergie li\u00e9e \u00e0 la compr\u00e9hension des modes de propulsion des Ovnis.<\/p>\n<p>&nbsp;<\/p>\n<p><strong>L\u2019\u00e9tude scientifique du dossier et sujet Ovni est vital pour le devenir proche de notre monde\u00a0!<\/strong><\/p>\n<p><strong>Nous nous devons d\u2019apporter une solution viable et rapide \u00e0 l\u2019ensemble de la civilisation terrestre avant que celle-ci ne se retrouve aux pieds du mur sans plus aucune solution pour son devenir.<\/strong><\/p>\n<p>&nbsp;<\/p>\n<p><strong>L\u2019une des solutions les plus prometteuses peut venir de l\u2019espace et notamment des a\u00e9ronefs exog\u00e8nes qui si trouvent et qui depuis la nuit des temps visitent notre monde avec un niveau de technologie et de science qu\u2019il nous faut absolument appr\u00e9hender pour le bien et le bien-\u00eatre de l\u2019Humanit\u00e9 tout enti\u00e8re.<\/strong><\/p>\n<p>&nbsp;<\/p>\n<p><strong>Pr\u00e9sentation du Phenix Project \u00e0 destination des investisseurs, partenaires, sponsors et donateurs\u00a0:<\/strong><strong>\u00a0<\/strong><a href=\"http:\/\/sergetinland.com\/wp-content\/uploads\/2019\/08\/Triptyquefr.pdf\" target=\"_blank\" rel=\"noopener noreferrer\">http:\/\/sergetinland.com\/wp-content\/uploads\/2019\/08\/Triptyquefr.pdf<\/a>[\/vc_column_text][vc_separator type=\u00a0\u00bbtransparent\u00a0\u00bb up=\u00a0\u00bb79&Prime; down=\u00a0\u00bb0&Prime;][\/vc_column_inner][vc_column_inner width=\u00a0\u00bb1\/3&Prime;][vc_video link=\u00a0\u00bbhttps:\/\/www.youtube.com\/watch?v=3V83H0PlwRY\u00a0\u00bb][vc_separator type=\u00a0\u00bbtransparent\u00a0\u00bb up=\u00a0\u00bb20&Prime; down=\u00a0\u00bb0&Prime;][vc_column_text]<\/p>\n<p style=\"text-align: center;\">Exopolitics, Disclosure &amp; The National Security State \u2013 Richard Dolan LIVE<\/p>\n<p>[\/vc_column_text][vc_separator type=\u00a0\u00bbtransparent\u00a0\u00bb up=\u00a0\u00bb79&Prime; down=\u00a0\u00bb0&Prime;][\/vc_column_inner][\/vc_row_inner][\/vc_column][\/vc_row]<\/p>\n","protected":false},"excerpt":{"rendered":"<p>[vc_row css_animation=\u00a0\u00bb\u00a0\u00bb row_type=\u00a0\u00bbrow\u00a0\u00bb use_row_as_full_screen_section=\u00a0\u00bbno\u00a0\u00bb type=\u00a0\u00bbgrid\u00a0\u00bb angled_section=\u00a0\u00bbno\u00a0\u00bb text_align=\u00a0\u00bbleft\u00a0\u00bb background_image_as_pattern=\u00a0\u00bbwithout_pattern\u00a0\u00bb padding_top=\u00a0\u00bb80&Prime; padding_bottom=\u00a0\u00bb0&Prime; anchor=\u00a0\u00bbportfolio\u00a0\u00bb background_color=\u00a0\u00bb#ffffff\u00a0\u00bb border_color=\u00a0\u00bb#eeeeee\u00a0\u00bb][vc_column][vc_row_inner row_type=\u00a0\u00bbrow\u00a0\u00bb type=\u00a0\u00bbfull_width\u00a0\u00bb text_align=\u00a0\u00bbleft\u00a0\u00bb css_animation=\u00a0\u00bb\u00a0\u00bb][vc_column_inner width=\u00a0\u00bb1\/4&Prime;][vc_single_image image=\u00a0\u00bb17433&Prime; img_size=\u00a0\u00bbfull\u00a0\u00bb alignment=\u00a0\u00bbcenter\u00a0\u00bb onclick=\u00a0\u00bbcustom_link\u00a0\u00bb img_link_target=\u00a0\u00bb_blank\u00a0\u00bb qode_css_animation=\u00a0\u00bbelement_from_fade\u00a0\u00bb transition_delay=\u00a0\u00bb0.2&Prime; link=\u00a0\u00bbhttps:\/\/www.thephenixproject.com\/fr\/Default.htm\u00a0\u00bb][vc_separator type=\u00a0\u00bbtransparent\u00a0\u00bb up=\u00a0\u00bb79&Prime; down=\u00a0\u00bb0&Prime;][\/vc_column_inner][vc_column_inner width=\u00a0\u00bb3\/4&Prime;][vc_column_text] PRESENTATION [\/vc_column_text][vc_separator type=\u00a0\u00bbsmall\u00a0\u00bb position=\u00a0\u00bbleft\u00a0\u00bb down=\u00a0\u00bb33&Prime; up=\u00a0\u00bb13&Prime; color=\u00a0\u00bb#818181&Prime;][vc_column_text]Le dossier OVNI, UFO et autre PAN, a depuis&#8230;<\/p>\n","protected":false},"author":1,"featured_media":0,"parent":0,"menu_order":3,"comment_status":"open","ping_status":"closed","template":"full_width.php","meta":[],"_links":{"self":[{"href":"https:\/\/sergetinland.com\/fr\/wp-json\/wp\/v2\/pages\/17292"}],"collection":[{"href":"https:\/\/sergetinland.com\/fr\/wp-json\/wp\/v2\/pages"}],"about":[{"href":"https:\/\/sergetinland.com\/fr\/wp-json\/wp\/v2\/types\/page"}],"author":[{"embeddable":true,"href":"https:\/\/sergetinland.com\/fr\/wp-json\/wp\/v2\/users\/1"}],"replies":[{"embeddable":true,"href":"https:\/\/sergetinland.com\/fr\/wp-json\/wp\/v2\/comments?post=17292"}],"version-history":[{"count":12,"href":"https:\/\/sergetinland.com\/fr\/wp-json\/wp\/v2\/pages\/17292\/revisions"}],"predecessor-version":[{"id":17770,"href":"https:\/\/sergetinland.com\/fr\/wp-json\/wp\/v2\/pages\/17292\/revisions\/17770"}],"wp:attachment":[{"href":"https:\/\/sergetinland.com\/fr\/wp-json\/wp\/v2\/media?parent=17292"}],"curies":[{"name":"wp","href":"https:\/\/api.w.org\/{rel}","templated":true}]}}